{"id":2048,"date":"2025-09-03T17:04:40","date_gmt":"2025-09-03T15:04:40","guid":{"rendered":"https:\/\/massenza.it\/entreprise\/"},"modified":"2025-10-06T14:57:09","modified_gmt":"2025-10-06T12:57:09","slug":"entreprise","status":"publish","type":"page","link":"https:\/\/massenza.it\/fr\/entreprise\/","title":{"rendered":"Entreprise"},"content":{"rendered":"\t\t<div data-elementor-type=\"wp-page\" data-elementor-id=\"2048\" class=\"elementor elementor-2048 elementor-161\" data-elementor-post-type=\"page\">\n\t\t\t\t<div class=\"elementor-element elementor-element-3d7e87f e-flex e-con-boxed e-con e-parent\" data-id=\"3d7e87f\" data-element_type=\"container\" data-e-type=\"container\" data-settings=\"{&quot;background_background&quot;:&quot;classic&quot;}\">\n\t\t\t\t\t<div class=\"e-con-inner\">\n\t\t<div class=\"elementor-element elementor-element-d043504 e-con-full e-flex e-con e-child\" data-id=\"d043504\" data-element_type=\"container\" data-e-type=\"container\">\n\t\t\t\t<div class=\"elementor-element elementor-element-b21babd elementor-widget__width-initial animated-fast elementor-invisible elementor-widget elementor-widget-heading\" data-id=\"b21babd\" data-element_type=\"widget\" data-e-type=\"widget\" data-settings=\"{&quot;_animation&quot;:&quot;slideInDown&quot;,&quot;_animation_delay&quot;:300}\" data-widget_type=\"heading.default\">\n\t\t\t\t\t<h1 class=\"elementor-heading-title elementor-size-default\">Qui sommes-nous et que faisons-nous<\/h1>\t\t\t\t<\/div>\n\t\t\t\t<\/div>\n\t\t\t\t\t<\/div>\n\t\t\t\t<\/div>\n\t\t<div class=\"elementor-element elementor-element-4b390ca e-flex e-con-boxed e-con e-parent\" data-id=\"4b390ca\" data-element_type=\"container\" data-e-type=\"container\" data-settings=\"{&quot;background_background&quot;:&quot;classic&quot;}\">\n\t\t\t\t\t<div class=\"e-con-inner\">\n\t\t\t\t<div class=\"elementor-element elementor-element-15fedc6 breadcrumbs-box elementor-widget elementor-widget-hfe-breadcrumbs-widget\" data-id=\"15fedc6\" data-element_type=\"widget\" data-e-type=\"widget\" data-widget_type=\"hfe-breadcrumbs-widget.default\">\n\t\t\t\t<div class=\"elementor-widget-container\">\n\t\t\t\t\t<nav aria-label=\"Breadcrumb\"><ul class=\"hfe-breadcrumbs hfe-breadcrumbs-show-home\"><li class=\"hfe-breadcrumbs-item hfe-breadcrumbs-first\"><span class=\"hfe-breadcrumbs-home-icon\"><\/span><a href=\"https:\/\/massenza.it\/fr\/\"><span class=\"hfe-breadcrumbs-text\">Home<\/span><\/a><\/li><\/ul><\/nav>\t\t\t\t<\/div>\n\t\t\t\t<\/div>\n\t\t\t\t\t<\/div>\n\t\t\t\t<\/div>\n\t\t<div class=\"elementor-element elementor-element-62a32f7 e-flex e-con-boxed e-con e-parent\" data-id=\"62a32f7\" data-element_type=\"container\" data-e-type=\"container\" data-settings=\"{&quot;background_background&quot;:&quot;classic&quot;}\">\n\t\t\t\t\t<div class=\"e-con-inner\">\n\t\t<div class=\"elementor-element elementor-element-730fb83 e-con-full e-flex elementor-invisible e-con e-child\" data-id=\"730fb83\" data-element_type=\"container\" data-e-type=\"container\" data-settings=\"{&quot;animation&quot;:&quot;slideInLeft&quot;,&quot;animation_delay&quot;:300}\">\n\t\t\t\t<div class=\"elementor-element elementor-element-c93cd81 elementor-widget elementor-widget-heading\" data-id=\"c93cd81\" data-element_type=\"widget\" data-e-type=\"widget\" data-widget_type=\"heading.default\">\n\t\t\t\t\t<h2 class=\"elementor-heading-title elementor-size-default\">Notre histoire<\/h2>\t\t\t\t<\/div>\n\t\t\t\t<div class=\"elementor-element elementor-element-7452ea3 elementor-widget elementor-widget-text-editor\" data-id=\"7452ea3\" data-element_type=\"widget\" data-e-type=\"widget\" data-widget_type=\"text-editor.default\">\n\t\t\t\t\t\t\t\t\t<div class=\"rich-text animation-fade delay04 animate-element\"><p>Notre entreprise na\u00eet avant le d\u00e9but de la Deuxi\u00e8me guerre mondiale. D\u00e8s le d\u00e9part, nous avons collabor\u00e9 avec les grandes compagnies p\u00e9troli\u00e8res de l&rsquo;\u00e9poque &#8211; Esso, Shell et autres &#8211; pour la fourniture de <a title=\"R\u00e9servoirs de stockage horizontaux\" href=\"https:\/\/massenza.it\/fr\/machines\/bitume\/reservoirs-de-stockage-horizontaux\/\">\n  <strong>r\u00e9servoirs de stockage de bitume horizontaux<\/strong>\n<\/a> coupl\u00e9s \u00e0 une <a title=\"Chaudi\u00e8res ol\u00e9othermiques\" href=\"https:\/\/massenza.it\/fr\/machines\/bitume\/chaudieres-oleothermiques\/\">\n  <strong>chaudi\u00e8re ol\u00e9othermique<\/strong>\n<\/a> &#8211; les \u00ab\u00a0points chauds\u00a0\u00bb. <\/p><p>Au cours des d\u00e9cennies suivantes, nous nous sommes concentr\u00e9s sur le <a title=\"Bitume\" href=\"https:\/\/massenza.it\/fr\/machines\/bitume\/\">\n  <strong>syst\u00e8mes pour le traitement du bitume<\/strong>\n<\/a>, un choix qui nous a permis d&rsquo;am\u00e9liorer nos technologies et d&rsquo;\u00e9largir la gamme de produits et le nombre de clients pour inclure les concessionnaires de produits p\u00e9troliers et les entreprises de construction de routes.<\/p><\/div>\t\t\t\t\t\t\t\t<\/div>\n\t\t\t\t<\/div>\n\t\t<div class=\"elementor-element elementor-element-a629e02 e-con-full e-flex e-con e-child\" data-id=\"a629e02\" data-element_type=\"container\" data-e-type=\"container\">\n\t\t\t\t<div class=\"elementor-element elementor-element-21b13ec elementor-invisible elementor-widget elementor-widget-image\" data-id=\"21b13ec\" data-element_type=\"widget\" data-e-type=\"widget\" data-settings=\"{&quot;_animation&quot;:&quot;zoomInRight&quot;,&quot;_animation_delay&quot;:300}\" data-widget_type=\"image.default\">\n\t\t\t\t\t\t\t\t\t\t\t\t\t\t\t<img fetchpriority=\"high\" decoding=\"async\" width=\"700\" height=\"564\" src=\"https:\/\/massenza.it\/wp-content\/uploads\/2025\/09\/la-nostra-storia.webp\" class=\"attachment-full size-full wp-image-1966\" alt=\"\" srcset=\"https:\/\/massenza.it\/wp-content\/uploads\/2025\/09\/la-nostra-storia.webp 700w, https:\/\/massenza.it\/wp-content\/uploads\/2025\/09\/la-nostra-storia-300x242.webp 300w\" sizes=\"(max-width: 700px) 100vw, 700px\" \/>\t\t\t\t\t\t\t\t\t\t\t\t\t\t\t<\/div>\n\t\t\t\t<\/div>\n\t\t\t\t\t<\/div>\n\t\t\t\t<\/div>\n\t\t<div class=\"elementor-element elementor-element-e857495 e-flex e-con-boxed e-con e-parent\" data-id=\"e857495\" data-element_type=\"container\" data-e-type=\"container\">\n\t\t\t\t\t<div class=\"e-con-inner\">\n\t\t\t\t<div class=\"elementor-element elementor-element-c5603e5 animated-fast elementor-invisible elementor-widget elementor-widget-heading\" data-id=\"c5603e5\" data-element_type=\"widget\" data-e-type=\"widget\" data-settings=\"{&quot;_animation&quot;:&quot;fadeInDown&quot;}\" data-widget_type=\"heading.default\">\n\t\t\t\t\t<h4 class=\"elementor-heading-title elementor-size-default\">Ann\u00e9es Cinquante<\/h4>\t\t\t\t<\/div>\n\t\t\t\t<div class=\"elementor-element elementor-element-ad8716d elementor-invisible elementor-widget elementor-widget-text-editor\" data-id=\"ad8716d\" data-element_type=\"widget\" data-e-type=\"widget\" data-settings=\"{&quot;_animation&quot;:&quot;slideInLeft&quot;,&quot;_animation_delay&quot;:200}\" data-widget_type=\"text-editor.default\">\n\t\t\t\t\t\t\t\t\t<div class=\"rich-text animation-fade delay04 animate-element\"><p>Au cours de cette d\u00e9cennie, nous avons con\u00e7u et r\u00e9alis\u00e9:<\/p><ul><li><a title=\"Machines pour \u00e9mulsion bitumineuse\" href=\"https:\/\/massenza.it\/fr\/machines\/bitume\/machines-pour-emulsion-bitumineuse\/\">\n  <strong>installations pour la production d&rsquo;\u00e9mulsion bitumineuse<\/strong>\n<\/a>;<\/li><li><a title=\"Syst\u00e8mes de bitume flux\u00e9 (cut-back)\" href=\"https:\/\/massenza.it\/fr\/machines\/bitume\/systemes-de-bitume-fluxe-cut-back\/\">\n  <strong>installations pour la production de bitume flux\u00e9 (\u00ab\u00a0cut-back\u00a0\u00bb)<\/strong>\n<\/a>;<\/li><li><a title=\"Citernes \u00e9pandeuses\" href=\"https:\/\/massenza.it\/fr\/machines\/bitume\/citernes-epandeuses\/\">\n  <strong>cisterne per lo spruzzaggio di emulsione e bitume<\/strong>\n<\/a>.<\/li><\/ul><\/div>\t\t\t\t\t\t\t\t<\/div>\n\t\t\t\t<div class=\"elementor-element elementor-element-c066774 elementor-invisible elementor-widget elementor-widget-heading\" data-id=\"c066774\" data-element_type=\"widget\" data-e-type=\"widget\" data-settings=\"{&quot;_animation&quot;:&quot;fadeInDown&quot;,&quot;_animation_delay&quot;:300}\" data-widget_type=\"heading.default\">\n\t\t\t\t\t<h4 class=\"elementor-heading-title elementor-size-default\">Ann\u00e9es Soixante<\/h4>\t\t\t\t<\/div>\n\t\t\t\t<div class=\"elementor-element elementor-element-42a4b7f elementor-invisible elementor-widget elementor-widget-text-editor\" data-id=\"42a4b7f\" data-element_type=\"widget\" data-e-type=\"widget\" data-settings=\"{&quot;_animation&quot;:&quot;slideInLeft&quot;,&quot;_animation_delay&quot;:400}\" data-widget_type=\"text-editor.default\">\n\t\t\t\t\t\t\t\t\t<p>Nous construisons notre premi\u00e8re installation pour la production de <a title=\"Machines pour bitume modifi\u00e9\" href=\"https:\/\/massenza.it\/fr\/machines\/bitume\/machines-pour-bitume-modifie\/\">\n  <strong>bitume modifi\u00e9 aux polym\u00e8res<\/strong>\n<\/a> qui est, aujourd&rsquo;hui encore, notre produit phare.<\/p>\t\t\t\t\t\t\t\t<\/div>\n\t\t\t\t<div class=\"elementor-element elementor-element-8b9159b elementor-invisible elementor-widget elementor-widget-heading\" data-id=\"8b9159b\" data-element_type=\"widget\" data-e-type=\"widget\" data-settings=\"{&quot;_animation&quot;:&quot;slideInDown&quot;,&quot;_animation_delay&quot;:500}\" data-widget_type=\"heading.default\">\n\t\t\t\t\t<h4 class=\"elementor-heading-title elementor-size-default\">Ann\u00e9es Soixante-dix<\/h4>\t\t\t\t<\/div>\n\t\t\t\t<div class=\"elementor-element elementor-element-10a3909 elementor-invisible elementor-widget elementor-widget-text-editor\" data-id=\"10a3909\" data-element_type=\"widget\" data-e-type=\"widget\" data-settings=\"{&quot;_animation&quot;:&quot;slideInLeft&quot;,&quot;_animation_delay&quot;:600}\" data-widget_type=\"text-editor.default\">\n\t\t\t\t\t\t\t\t\t<p>Au d\u00e9but de cette d\u00e9cennie, nous d\u00e9veloppons notre deuxi\u00e8me ligne de produits : les machines \u00e0 coffrages glissants pour la <a title=\"B\u00e9ton\" href=\"https:\/\/massenza.it\/fr\/machines\/beton\/\">\n  <strong>mise en \u0153uvre du b\u00e9ton.<\/strong>\n<\/a>.<br>Au cours des d\u00e9cennies suivantes, nous nous sp\u00e9cialisons dans les <a title=\"Machines \u00e0 coffrage glissant pour canaux\" href=\"https:\/\/massenza.it\/fr\/machines\/beton\/machines-a-coffrage-glissant-pour-canaux\/\"><strong>machines pour le rev\u00eatement en b\u00e9ton des canaux<\/strong><\/a>, un secteur dans lequel nous devenons leaders.<\/p>\t\t\t\t\t\t\t\t<\/div>\n\t\t\t\t<div class=\"elementor-element elementor-element-e321011 elementor-invisible elementor-widget elementor-widget-heading\" data-id=\"e321011\" data-element_type=\"widget\" data-e-type=\"widget\" data-settings=\"{&quot;_animation&quot;:&quot;slideInDown&quot;,&quot;_animation_delay&quot;:700}\" data-widget_type=\"heading.default\">\n\t\t\t\t\t<h4 class=\"elementor-heading-title elementor-size-default\">Aujourd'hui<\/h4>\t\t\t\t<\/div>\n\t\t\t\t<div class=\"elementor-element elementor-element-d3d4c4b elementor-invisible elementor-widget elementor-widget-text-editor\" data-id=\"d3d4c4b\" data-element_type=\"widget\" data-e-type=\"widget\" data-settings=\"{&quot;_animation&quot;:&quot;slideInLeft&quot;,&quot;_animation_delay&quot;:800}\" data-widget_type=\"text-editor.default\">\n\t\t\t\t\t\t\t\t\t<p>La croissance de notre entreprise s&rsquo;est poursuivie sans rel\u00e2che. \u00c0 l&rsquo;heure actuelle, nos machines sont pr\u00e9sentes dans plus de 100 pays du monde.<br>De plus, nous sommes engag\u00e9s dans la recherche et le d\u00e9veloppement de nouvelles solutions pour l&rsquo;entretien routier &#8211; nous avons d\u00e9j\u00e0 test\u00e9 avec succ\u00e8s plusieurs \u00ab\u00a0prototypes\u00a0\u00bb. <\/p>\t\t\t\t\t\t\t\t<\/div>\n\t\t\t\t\t<\/div>\n\t\t\t\t<\/div>\n\t\t<div class=\"elementor-element elementor-element-b733574 e-con-full e-flex e-con e-parent\" data-id=\"b733574\" data-element_type=\"container\" data-e-type=\"container\" data-settings=\"{&quot;background_background&quot;:&quot;classic&quot;}\">\n\t\t<div class=\"elementor-element elementor-element-192c0ef e-con-full e-flex elementor-invisible e-con e-child\" data-id=\"192c0ef\" data-element_type=\"container\" data-e-type=\"container\" data-settings=\"{&quot;background_background&quot;:&quot;classic&quot;,&quot;animation&quot;:&quot;fadeIn&quot;,&quot;animation_delay&quot;:600}\">\n\t\t\t\t<\/div>\n\t\t<div class=\"elementor-element elementor-element-d708a36 e-con-full e-flex elementor-invisible e-con e-child\" data-id=\"d708a36\" data-element_type=\"container\" data-e-type=\"container\" data-settings=\"{&quot;animation&quot;:&quot;slideInRight&quot;,&quot;animation_delay&quot;:800}\">\n\t\t\t\t<div class=\"elementor-element elementor-element-b192a79 elementor-widget elementor-widget-heading\" data-id=\"b192a79\" data-element_type=\"widget\" data-e-type=\"widget\" data-widget_type=\"heading.default\">\n\t\t\t\t\t<h2 class=\"elementor-heading-title elementor-size-default\">Made in Italy<\/h2>\t\t\t\t<\/div>\n\t\t\t\t<div class=\"elementor-element elementor-element-88f10bb elementor-widget elementor-widget-text-editor\" data-id=\"88f10bb\" data-element_type=\"widget\" data-e-type=\"widget\" data-widget_type=\"text-editor.default\">\n\t\t\t\t\t\t\t\t\t<div class=\"rich-text white animation-fade delay04 animate-element\"><p>Forte de plus de 80 ans d&rsquo;exp\u00e9rience, notre entreprise est un repr\u00e9sentant de premier plan du Made in Italy dans le monde.<br>Ce succ\u00e8s est le fruit du professionnalisme et de la passion dont tous nos collaborateurs ont toujours fait preuve au fil des ann\u00e9es: cela a permis une am\u00e9lioration continue de la qualit\u00e9 et de la fiabilit\u00e9 de nos machines.<\/p><p> <\/p><p>L&rsquo;entreprise est n\u00e9e en tant qu&rsquo;entreprise familiale et s&rsquo;est d\u00e9velopp\u00e9e gr\u00e2ce aux efforts de quatre g\u00e9n\u00e9rations. En plus de donner un nouvel \u00e9lan au d\u00e9veloppement des activit\u00e9s, l&rsquo;incorporation de certains partenaires collaborateurs a contribu\u00e9 \u00e0 maintenir vivant le z\u00e8le et le d\u00e9vouement qui nous ont toujours caract\u00e9ris\u00e9s. <\/p><\/div>\t\t\t\t\t\t\t\t<\/div>\n\t\t\t\t<div class=\"elementor-element elementor-element-1067f32 elementor-widget elementor-widget-heading\" data-id=\"1067f32\" data-element_type=\"widget\" data-e-type=\"widget\" data-widget_type=\"heading.default\">\n\t\t\t\t\t<h2 class=\"elementor-heading-title elementor-size-default\">Votre partenaire pour la qualit\u00e9<\/h2>\t\t\t\t<\/div>\n\t\t\t\t<div class=\"elementor-element elementor-element-ff54eb8 elementor-widget elementor-widget-text-editor\" data-id=\"ff54eb8\" data-element_type=\"widget\" data-e-type=\"widget\" data-widget_type=\"text-editor.default\">\n\t\t\t\t\t\t\t\t\t<div class=\"rich-text white animation-fade delay08 animate-element\"><p>Notre cap est toujours mis sur un niveau de qualit\u00e9 \u00e9lev\u00e9. Notre objectif le plus important? Collaborer avec des clients satisfaits, qui nous ont choisis et ont confirm\u00e9 leur confiance un jour apr\u00e8s l&rsquo;autre. C&rsquo;est la raison pour laquelle nous sommes engag\u00e9s dans une recherche constante de l&rsquo;excellence.   <\/p><p> <\/p><p>D&rsquo;ailleurs, depuis un certain temps, notre syst\u00e8me de management de la qualit\u00e9 est certifi\u00e9 ISO 9001: 2015 pour l&rsquo;ensemble de notre gamme de produits.<br>Le d\u00e9veloppement continu des clients internationaux et leur fid\u00e9lit\u00e9 sont la preuve tangible du succ\u00e8s de nos choix.<\/p><\/div>\t\t\t\t\t\t\t\t<\/div>\n\t\t\t\t<\/div>\n\t\t\t\t<\/div>\n\t\t<div class=\"elementor-element elementor-element-b97a037 e-flex e-con-boxed e-con e-parent\" data-id=\"b97a037\" data-element_type=\"container\" data-e-type=\"container\" data-settings=\"{&quot;background_background&quot;:&quot;classic&quot;}\">\n\t\t\t\t\t<div class=\"e-con-inner\">\n\t\t<div class=\"elementor-element elementor-element-9d97f3c e-con-full e-flex elementor-invisible e-con e-child\" data-id=\"9d97f3c\" data-element_type=\"container\" data-e-type=\"container\" data-settings=\"{&quot;animation&quot;:&quot;slideInUp&quot;,&quot;animation_delay&quot;:300}\">\n\t\t\t\t<div class=\"elementor-element elementor-element-9146656 elementor-widget elementor-widget-heading\" data-id=\"9146656\" data-element_type=\"widget\" data-e-type=\"widget\" data-widget_type=\"heading.default\">\n\t\t\t\t\t<h2 class=\"elementor-heading-title elementor-size-default\">Know-how<\/h2>\t\t\t\t<\/div>\n\t\t\t\t<div class=\"elementor-element elementor-element-e84183c elementor-widget elementor-widget-text-editor\" data-id=\"e84183c\" data-element_type=\"widget\" data-e-type=\"widget\" data-widget_type=\"text-editor.default\">\n\t\t\t\t\t\t\t\t\t<div class=\"rich-text animation-fade delay04 animate-element\"><div class=\"rich-text animation-fade delay04 animate-element\"><p>Sur un march\u00e9 international toujours plus exigeant et plus comp\u00e9titif, il est difficile d&rsquo;exceller.<br>Il est encore plus difficile de rester au plus haut niveau pendant des ann\u00e9es, jusqu&rsquo;\u00e0 \u00eatre reconnu comme un partenaire de r\u00e9f\u00e9rence par les plus importants clients nationaux et internationaux.<\/p><p>Au fil du temps, les plus grandes entreprises actives dans le secteur de la <a title=\"Bitume\" href=\"https:\/\/massenza.it\/fr\/machines\/bitume\/\">\n  <strong>construction routi\u00e8re<\/strong>\n<\/a> et en <a title=\"B\u00e9ton\" href=\"https:\/\/massenza.it\/fr\/machines\/beton\/\">\n  <strong>b\u00e9ton<\/strong>\n<\/a> ont choisi nos machines.<\/p><p>Les efforts incessants pour am\u00e9liorer nos produits ainsi que la collaboration constante avec les grands clients internationaux nous ont permis de d\u00e9velopper et de consolider notre savoir-faire et d&rsquo;\u00eatre toujours en avance sur nos concurrents.<\/p><\/div><\/div>\t\t\t\t\t\t\t\t<\/div>\n\t\t\t\t<\/div>\n\t\t<div class=\"elementor-element elementor-element-6a61782 e-con-full e-flex e-con e-child\" data-id=\"6a61782\" data-element_type=\"container\" data-e-type=\"container\">\n\t\t\t\t<div class=\"elementor-element elementor-element-5d1fddb elementor-invisible elementor-widget elementor-widget-image\" data-id=\"5d1fddb\" data-element_type=\"widget\" data-e-type=\"widget\" data-settings=\"{&quot;_animation&quot;:&quot;zoomIn&quot;,&quot;_animation_delay&quot;:600}\" data-widget_type=\"image.default\">\n\t\t\t\t\t\t\t\t\t\t\t\t\t\t\t<img decoding=\"async\" width=\"700\" height=\"564\" src=\"https:\/\/massenza.it\/wp-content\/uploads\/2025\/09\/know-how.webp\" class=\"attachment-full size-full wp-image-1968\" alt=\"\" srcset=\"https:\/\/massenza.it\/wp-content\/uploads\/2025\/09\/know-how.webp 700w, https:\/\/massenza.it\/wp-content\/uploads\/2025\/09\/know-how-300x242.webp 300w\" sizes=\"(max-width: 700px) 100vw, 700px\" \/>\t\t\t\t\t\t\t\t\t\t\t\t\t\t\t<\/div>\n\t\t\t\t<\/div>\n\t\t\t\t\t<\/div>\n\t\t\t\t<\/div>\n\t\t<div class=\"elementor-element elementor-element-297e9dc e-flex e-con-boxed e-con e-parent\" data-id=\"297e9dc\" data-element_type=\"container\" data-e-type=\"container\" data-settings=\"{&quot;background_background&quot;:&quot;classic&quot;}\">\n\t\t\t\t\t<div class=\"e-con-inner\">\n\t\t\t\t<div class=\"elementor-element elementor-element-1068110 elementor-invisible elementor-widget elementor-widget-heading\" data-id=\"1068110\" data-element_type=\"widget\" data-e-type=\"widget\" data-settings=\"{&quot;_animation&quot;:&quot;slideInDown&quot;,&quot;_animation_delay&quot;:300}\" data-widget_type=\"heading.default\">\n\t\t\t\t\t<h2 class=\"elementor-heading-title elementor-size-default\">Nos clients\n<\/h2>\t\t\t\t<\/div>\n\t\t\t\t<div class=\"elementor-element elementor-element-9847997 elementor-invisible elementor-widget elementor-widget-text-editor\" data-id=\"9847997\" data-element_type=\"widget\" data-e-type=\"widget\" data-settings=\"{&quot;_animation&quot;:&quot;fadeInUp&quot;,&quot;_animation_delay&quot;:600}\" data-widget_type=\"text-editor.default\">\n\t\t\t\t\t\t\t\t\t<p>De nombreux acteurs internationaux parmi les plus importants dans le \u00ab monde du bitume \u00bb nous ont fait confiance, notamment:<\/p><p> <\/p><ul><li>des compagnies p\u00e9troli\u00e8res;<\/li><li>des revendeurs de produits p\u00e9troliers,<\/li><li>des entreprises de constructions routi\u00e8res.<\/li><\/ul><p> <\/p><p>Nous \u00e9coutons les besoins de chacune des entreprises qui nous contactent. Nous \u00e9tudions avec elles les meilleures solutions afin de r\u00e9pondre le plus efficacement possible \u00e0 leurs besoins. <\/p><p>En fonction du type de projet et des demandes, nous proposons une large gamme de choix, de la fourniture d&rsquo;\u00e9quipements simples \u00e0 la r\u00e9alisation de syst\u00e8mes complets, en passant par le package \u00ab\u00a0cl\u00e9 en main\u00a0\u00bb comprenant tous les \u00e9l\u00e9ments &#8211; <a style=\"color: #ffffff;\" title=\"Bitume\" href=\"https:\/\/massenza.it\/fr\/machines\/bitume\/\">\n  <strong>syst\u00e8me<\/strong>\n<\/a>, <a style=\"color: #ffffff;\" title=\"R\u00e9servoirs de stockage horizontaux\" href=\"https:\/\/massenza.it\/fr\/entreprise\/\">\n  <strong>cuves de stockage<\/strong>\n<\/a>, <a style=\"color: #ffffff;\" href=\"https:\/\/massenza.it\/fr\/machines\/bitume\/chaudieres-oleothermiques\/\">\n  <strong>chaudi\u00e8re<\/strong>\n<\/a>, tuyaux, pompes, etc.<\/p><p> <\/p><p>La plupart des syst\u00e8mes sont disponibles avec plusieurs niveaux d&rsquo;automatisation et de complexit\u00e9, toujours dans le but de r\u00e9pondre aux besoins des entreprises qui s&rsquo;adressent \u00e0 nous.<\/p><p>Les avantages principaux sont donc:<\/p><p> <\/p><ul><li>la facilit\u00e9 d&#8217;emploi;<\/li><li>la simplicit\u00e9 d&rsquo;installation;<\/li><li>la rapidit\u00e9 de mise en marche des syst\u00e8mes.<\/li><\/ul><p> <\/p><p>Telles sont les caract\u00e9ristiques les plus appr\u00e9ci\u00e9es par les clients du monde entier.<\/p><p>Pour les <strong>\n  <a style=\"color: #ffffff;\" href=\"https:\/\/massenza.it\/fr\/machines\/beton\/machines-a-coffrage-glissant-pour-canaux\/\">machines \u00e0 coffrage glissant pour canaux<\/a>\n<\/strong>, nous avons r\u00e9ussi, au fil du temps, \u00e0 fid\u00e9liser les entreprises de construction qui se sont tourn\u00e9es vers nous pour la fourniture d&rsquo;une ou plusieurs machines. La longue exp\u00e9rience acquise sur le terrain nous permet de fournir l&rsquo;\u00e9quipement le plus adapt\u00e9 \u00e0 la r\u00e9alisation de tous les travaux routiers.<\/p>\t\t\t\t\t\t\t\t<\/div>\n\t\t\t\t\t<\/div>\n\t\t\t\t<\/div>\n\t\t<div class=\"elementor-element elementor-element-26b5df6 e-flex e-con-boxed e-con e-parent\" data-id=\"26b5df6\" data-element_type=\"container\" data-e-type=\"container\" data-settings=\"{&quot;background_background&quot;:&quot;classic&quot;}\">\n\t\t\t\t\t<div class=\"e-con-inner\">\n\t\t<div class=\"elementor-element elementor-element-b5a4176 e-con-full e-flex elementor-invisible e-con e-child\" data-id=\"b5a4176\" data-element_type=\"container\" data-e-type=\"container\" data-settings=\"{&quot;animation&quot;:&quot;slideInLeft&quot;,&quot;animation_delay&quot;:300}\">\n\t\t\t\t<div class=\"elementor-element elementor-element-0225612 elementor-widget elementor-widget-heading\" data-id=\"0225612\" data-element_type=\"widget\" data-e-type=\"widget\" data-widget_type=\"heading.default\">\n\t\t\t\t\t<h2 class=\"elementor-heading-title elementor-size-default\">Pr\u00e9sence globale<\/h2>\t\t\t\t<\/div>\n\t\t\t\t<div class=\"elementor-element elementor-element-a74ff02 elementor-widget elementor-widget-text-editor\" data-id=\"a74ff02\" data-element_type=\"widget\" data-e-type=\"widget\" data-widget_type=\"text-editor.default\">\n\t\t\t\t\t\t\t\t\t<div class=\"rich-text animation-fade delay04 animate-element\"><div class=\"rich-text animation-fade delay04 animate-element\"><div class=\"rich-text animation-fade delay04 animate-element\"><p>Nos clients peuvent compter sur un r\u00e9seau d&rsquo;agents qui s&rsquo;\u00e9tend \u00e0 plus de 60 pays.<br>Gr\u00e2ce \u00e0 ce r\u00e9seau, nous assurons une pr\u00e9sence constante sur le territoire aussi bien au niveau commercial que pour l&rsquo;assistance apr\u00e8s-vente.<\/p><p> <\/p><p>Nous g\u00e9rons rapidement et efficacement le service de maintenance et de pi\u00e8ces de rechange, sur site &#8211; le cas \u00e9ch\u00e9ant &#8211; ou depuis l&rsquo;Italie. L&rsquo;objectif est double: assurer des r\u00e9ponses rapides aux demandes de chaque client et r\u00e9duire au minimum les d\u00e9lais de livraison. <\/p><\/div><\/div><\/div>\t\t\t\t\t\t\t\t<\/div>\n\t\t\t\t<\/div>\n\t\t<div class=\"elementor-element elementor-element-1036276 e-con-full e-flex elementor-invisible e-con e-child\" data-id=\"1036276\" data-element_type=\"container\" data-e-type=\"container\" data-settings=\"{&quot;animation&quot;:&quot;zoomInRight&quot;,&quot;animation_delay&quot;:800}\">\n\t\t\t\t<div class=\"elementor-element elementor-element-6f628db elementor-widget elementor-widget-image\" data-id=\"6f628db\" data-element_type=\"widget\" data-e-type=\"widget\" data-widget_type=\"image.default\">\n\t\t\t\t\t\t\t\t\t\t\t\t\t\t\t<img decoding=\"async\" width=\"700\" height=\"564\" src=\"https:\/\/massenza.it\/wp-content\/uploads\/2025\/09\/presenza-globale.webp\" class=\"attachment-full size-full wp-image-1970\" alt=\"\" srcset=\"https:\/\/massenza.it\/wp-content\/uploads\/2025\/09\/presenza-globale.webp 700w, https:\/\/massenza.it\/wp-content\/uploads\/2025\/09\/presenza-globale-300x242.webp 300w\" sizes=\"(max-width: 700px) 100vw, 700px\" \/>\t\t\t\t\t\t\t\t\t\t\t\t\t\t\t<\/div>\n\t\t\t\t<\/div>\n\t\t\t\t\t<\/div>\n\t\t\t\t<\/div>\n\t\t\t\t<\/div>\n\t\t","protected":false},"excerpt":{"rendered":"<p>Qui sommes-nous et que faisons-nous Home Notre histoire Notre entreprise na\u00eet avant le d\u00e9but de la Deuxi\u00e8me guerre mondiale. D\u00e8s le d\u00e9part, nous avons collabor\u00e9 avec les grandes compagnies p\u00e9troli\u00e8res de l&rsquo;\u00e9poque &#8211; Esso, Shell et autres &#8211; pour la fourniture de r\u00e9servoirs de stockage de bitume horizontaux coupl\u00e9s \u00e0 une chaudi\u00e8re ol\u00e9othermique &#8211; les [&hellip;]<\/p>\n","protected":false},"author":1,"featured_media":0,"parent":0,"menu_order":0,"comment_status":"closed","ping_status":"closed","template":"","meta":{"_acf_changed":false,"footnotes":""},"class_list":["post-2048","page","type-page","status-publish","hentry"],"acf":[],"_links":{"self":[{"href":"https:\/\/massenza.it\/fr\/wp-json\/wp\/v2\/pages\/2048","targetHints":{"allow":["GET"]}}],"collection":[{"href":"https:\/\/massenza.it\/fr\/wp-json\/wp\/v2\/pages"}],"about":[{"href":"https:\/\/massenza.it\/fr\/wp-json\/wp\/v2\/types\/page"}],"author":[{"embeddable":true,"href":"https:\/\/massenza.it\/fr\/wp-json\/wp\/v2\/users\/1"}],"replies":[{"embeddable":true,"href":"https:\/\/massenza.it\/fr\/wp-json\/wp\/v2\/comments?post=2048"}],"version-history":[{"count":8,"href":"https:\/\/massenza.it\/fr\/wp-json\/wp\/v2\/pages\/2048\/revisions"}],"predecessor-version":[{"id":4025,"href":"https:\/\/massenza.it\/fr\/wp-json\/wp\/v2\/pages\/2048\/revisions\/4025"}],"wp:attachment":[{"href":"https:\/\/massenza.it\/fr\/wp-json\/wp\/v2\/media?parent=2048"}],"curies":[{"name":"wp","href":"https:\/\/api.w.org\/{rel}","templated":true}]}}