{"id":2381,"date":"2025-09-18T10:25:56","date_gmt":"2025-09-18T08:25:56","guid":{"rendered":"https:\/\/massenza.it\/machines\/bitume\/citernes-de-transport-bitume\/"},"modified":"2025-09-29T12:42:49","modified_gmt":"2025-09-29T10:42:49","slug":"citernes-de-transport-bitume","status":"publish","type":"page","link":"https:\/\/massenza.it\/fr\/machines\/bitume\/citernes-de-transport-bitume\/","title":{"rendered":"Citernes de transport bitume"},"content":{"rendered":"\t\t<div data-elementor-type=\"wp-page\" data-elementor-id=\"2381\" class=\"elementor elementor-2381 elementor-1141\" data-elementor-post-type=\"page\">\n\t\t\t\t<div class=\"elementor-element elementor-element-3c6127b e-flex e-con-boxed e-con e-parent\" data-id=\"3c6127b\" data-element_type=\"container\" data-e-type=\"container\" data-settings=\"{&quot;background_background&quot;:&quot;classic&quot;}\">\n\t\t\t\t\t<div class=\"e-con-inner\">\n\t\t<div class=\"elementor-element elementor-element-564206f0 e-con-full e-flex e-con e-child\" data-id=\"564206f0\" data-element_type=\"container\" data-e-type=\"container\">\n\t\t\t\t<div class=\"elementor-element elementor-element-95d90ec elementor-widget__width-initial animated-fast elementor-invisible elementor-widget elementor-widget-heading\" data-id=\"95d90ec\" data-element_type=\"widget\" data-e-type=\"widget\" data-settings=\"{&quot;_animation&quot;:&quot;slideInDown&quot;}\" data-widget_type=\"heading.default\">\n\t\t\t\t\t<p class=\"elementor-heading-title elementor-size-default\">BITUME<\/p>\t\t\t\t<\/div>\n\t\t\t\t<div class=\"elementor-element elementor-element-5bfc1cc2 elementor-widget__width-initial animated-fast elementor-invisible elementor-widget elementor-widget-heading\" data-id=\"5bfc1cc2\" data-element_type=\"widget\" data-e-type=\"widget\" data-settings=\"{&quot;_animation&quot;:&quot;slideInUp&quot;}\" data-widget_type=\"heading.default\">\n\t\t\t\t\t<h1 class=\"elementor-heading-title elementor-size-default\">Citernes de transport bitume<\/h1>\t\t\t\t<\/div>\n\t\t\t\t<\/div>\n\t\t\t\t\t<\/div>\n\t\t\t\t<\/div>\n\t\t<div class=\"elementor-element elementor-element-31cf3493 e-flex e-con-boxed e-con e-parent\" data-id=\"31cf3493\" data-element_type=\"container\" data-e-type=\"container\" data-settings=\"{&quot;background_background&quot;:&quot;classic&quot;}\">\n\t\t\t\t\t<div class=\"e-con-inner\">\n\t\t\t\t<div class=\"elementor-element elementor-element-31fcfd36 breadcrumbs-box elementor-invisible elementor-widget elementor-widget-hfe-breadcrumbs-widget\" data-id=\"31fcfd36\" data-element_type=\"widget\" data-e-type=\"widget\" data-settings=\"{&quot;_animation&quot;:&quot;fadeIn&quot;}\" data-widget_type=\"hfe-breadcrumbs-widget.default\">\n\t\t\t\t<div class=\"elementor-widget-container\">\n\t\t\t\t\t<nav aria-label=\"Breadcrumb\"><ul class=\"hfe-breadcrumbs hfe-breadcrumbs-show-home\"><li class=\"hfe-breadcrumbs-item hfe-breadcrumbs-first\"><span class=\"hfe-breadcrumbs-home-icon\"><\/span><a href=\"https:\/\/massenza.it\/fr\/\"><span class=\"hfe-breadcrumbs-text\">Home<\/span><\/a><\/li><\/ul><\/nav>\t\t\t\t<\/div>\n\t\t\t\t<\/div>\n\t\t\t\t\t<\/div>\n\t\t\t\t<\/div>\n\t\t<div class=\"elementor-element elementor-element-8f19956 e-flex e-con-boxed e-con e-parent\" data-id=\"8f19956\" data-element_type=\"container\" data-e-type=\"container\">\n\t\t\t\t\t<div class=\"e-con-inner\">\n\t\t<div class=\"elementor-element elementor-element-a04ea29 e-con-full e-flex elementor-invisible e-con e-child\" data-id=\"a04ea29\" data-element_type=\"container\" data-e-type=\"container\" data-settings=\"{&quot;animation&quot;:&quot;slideInLeft&quot;,&quot;animation_delay&quot;:300}\">\n\t\t\t\t<div class=\"elementor-element elementor-element-68e3a47 elementor-widget elementor-widget-heading\" data-id=\"68e3a47\" data-element_type=\"widget\" data-e-type=\"widget\" data-widget_type=\"heading.default\">\n\t\t\t\t\t<h2 class=\"elementor-heading-title elementor-size-default\">Aper\u00e7u<\/h2>\t\t\t\t<\/div>\n\t\t\t\t<div class=\"elementor-element elementor-element-87ac819 elementor-widget elementor-widget-text-editor\" data-id=\"87ac819\" data-element_type=\"widget\" data-e-type=\"widget\" data-widget_type=\"text-editor.default\">\n\t\t\t\t\t\t\t\t\t<div class=\"container-lg\"><div class=\"panoramica\"><div class=\"rich-text animation-fade delay02 animate-element\"><p>Le <strong>transport routier de bitume sous forme liquide<\/strong>, m\u00eame sur de longues distances et pendant des dur\u00e9es consid\u00e9rables, est la solution la plus adopt\u00e9e pour approvisionner la plupart des utilisateurs finaux.<br>Cela signifie que les citernes de transport citernes de transport du bitume doivent avoir une <strong>isolation appropri\u00e9e<\/strong> et un <strong>syst\u00e8me ad\u00e9quat pour pouvoir chauffer le bitume<\/strong>, s&rsquo;il devient trop froid &#8211; et donc trop visqueux &#8211; pour pouvoir \u00eatre \u00e9vacu\u00e9.<\/p><p>Conform\u00e9ment aux r\u00e8gles locales, nous pouvons fournir des citernes de transport de <strong>diff\u00e9rentes capacit\u00e9s et configurations<\/strong>, mont\u00e9es sur une semi-remorque adapt\u00e9e.<br><br>Afin de <strong>minimiser les pertes de chaleur<\/strong>, nous avons port\u00e9 une attention particuli\u00e8re \u00e0 l&rsquo;isolation externe de nos r\u00e9servoirs.<br>Tous nos mod\u00e8les sont \u00e9quip\u00e9s d&rsquo;un <strong>syst\u00e8me de r\u00e9chauffage d&rsquo;urgence<\/strong>, compos\u00e9 d&rsquo;un ou de deux br\u00fbleurs \u00e0 gasoil &#8211; en fonction de la capacit\u00e9 du r\u00e9servoir -, avec tous les syst\u00e8mes de s\u00e9curit\u00e9.<br>Sur demande, une pompe pour le chargement et le d\u00e9chargement du bitume est disponible, coupl\u00e9e \u00e0 un moteur diesel avec accouplement et embrayage.<\/p><\/div><\/div><\/div>\t\t\t\t\t\t\t\t<\/div>\n\t\t\t\t<\/div>\n\t\t<div class=\"elementor-element elementor-element-2bf9f6d e-con-full e-flex elementor-invisible e-con e-child\" data-id=\"2bf9f6d\" data-element_type=\"container\" data-e-type=\"container\" data-settings=\"{&quot;animation&quot;:&quot;slideInRight&quot;,&quot;animation_delay&quot;:300}\">\n\t\t\t\t<div class=\"elementor-element elementor-element-f5ccc95 elementor-arrows-position-outside elementor-pagination-position-outside elementor-widget elementor-widget-image-carousel\" data-id=\"f5ccc95\" data-element_type=\"widget\" data-e-type=\"widget\" data-settings=\"{&quot;slides_to_show&quot;:&quot;1&quot;,&quot;navigation&quot;:&quot;both&quot;,&quot;autoplay&quot;:&quot;yes&quot;,&quot;autoplay_speed&quot;:5000,&quot;infinite&quot;:&quot;yes&quot;,&quot;effect&quot;:&quot;slide&quot;,&quot;speed&quot;:500}\" data-widget_type=\"image-carousel.default\">\n\t\t\t\t\t\t\t<div class=\"elementor-image-carousel-wrapper swiper\" role=\"region\" aria-roledescription=\"carousel\" aria-label=\"Carosello d&#039;immagini\" dir=\"ltr\">\n\t\t\t<div class=\"elementor-image-carousel swiper-wrapper\" aria-live=\"off\">\n\t\t\t\t\t\t\t\t<div class=\"swiper-slide\" role=\"group\" aria-roledescription=\"slide\" aria-label=\"1 sur 6\"><a data-elementor-open-lightbox=\"yes\" data-elementor-lightbox-slideshow=\"f5ccc95\" data-e-action-hash=\"#elementor-action%3Aaction%3Dlightbox%26settings%3DeyJpZCI6MjM3NSwidXJsIjoiaHR0cHM6XC9cL21hc3NlbnphLml0XC93cC1jb250ZW50XC91cGxvYWRzXC8yMDI1XC8wOVwvY2lzdGVybmUtdHJhc3BvcnRvLWJpdHVtZV8yLndlYnAiLCJzbGlkZXNob3ciOiJmNWNjYzk1In0%3D\" href=\"https:\/\/massenza.it\/wp-content\/uploads\/2025\/09\/cisterne-trasporto-bitume_2.webp\"><figure class=\"swiper-slide-inner\"><img decoding=\"async\" class=\"swiper-slide-image\" src=\"https:\/\/massenza.it\/wp-content\/uploads\/2025\/09\/cisterne-trasporto-bitume_2.webp\" alt=\"Citernes de transport bitume\" \/><\/figure><\/a><\/div><div class=\"swiper-slide\" role=\"group\" aria-roledescription=\"slide\" aria-label=\"2 sur 6\"><a data-elementor-open-lightbox=\"yes\" data-elementor-lightbox-slideshow=\"f5ccc95\" data-e-action-hash=\"#elementor-action%3Aaction%3Dlightbox%26settings%3DeyJpZCI6MjM3NiwidXJsIjoiaHR0cHM6XC9cL21hc3NlbnphLml0XC93cC1jb250ZW50XC91cGxvYWRzXC8yMDI1XC8wOVwvY2lzdGVybmUtdHJhc3BvcnRvLWJpdHVtZV8xLndlYnAiLCJzbGlkZXNob3ciOiJmNWNjYzk1In0%3D\" href=\"https:\/\/massenza.it\/wp-content\/uploads\/2025\/09\/cisterne-trasporto-bitume_1.webp\"><figure class=\"swiper-slide-inner\"><img decoding=\"async\" class=\"swiper-slide-image\" src=\"https:\/\/massenza.it\/wp-content\/uploads\/2025\/09\/cisterne-trasporto-bitume_1.webp\" alt=\"Citernes de transport bitume\" \/><\/figure><\/a><\/div><div class=\"swiper-slide\" role=\"group\" aria-roledescription=\"slide\" aria-label=\"3 sur 6\"><a data-elementor-open-lightbox=\"yes\" data-elementor-lightbox-slideshow=\"f5ccc95\" data-e-action-hash=\"#elementor-action%3Aaction%3Dlightbox%26settings%3DeyJpZCI6MjM3NywidXJsIjoiaHR0cHM6XC9cL21hc3NlbnphLml0XC93cC1jb250ZW50XC91cGxvYWRzXC8yMDI1XC8wOVwvY2lzdGVybmUtdHJhc3BvcnRvLWJpdHVtZV8zLndlYnAiLCJzbGlkZXNob3ciOiJmNWNjYzk1In0%3D\" href=\"https:\/\/massenza.it\/wp-content\/uploads\/2025\/09\/cisterne-trasporto-bitume_3.webp\"><figure class=\"swiper-slide-inner\"><img decoding=\"async\" class=\"swiper-slide-image\" src=\"https:\/\/massenza.it\/wp-content\/uploads\/2025\/09\/cisterne-trasporto-bitume_3.webp\" alt=\"Citernes de transport bitume\" \/><\/figure><\/a><\/div><div class=\"swiper-slide\" role=\"group\" aria-roledescription=\"slide\" aria-label=\"4 sur 6\"><a data-elementor-open-lightbox=\"yes\" data-elementor-lightbox-slideshow=\"f5ccc95\" data-e-action-hash=\"#elementor-action%3Aaction%3Dlightbox%26settings%3DeyJpZCI6MjM3OCwidXJsIjoiaHR0cHM6XC9cL21hc3NlbnphLml0XC93cC1jb250ZW50XC91cGxvYWRzXC8yMDI1XC8wOVwvY2lzdGVybmUtdHJhc3BvcnRvLWJpdHVtZV80LndlYnAiLCJzbGlkZXNob3ciOiJmNWNjYzk1In0%3D\" href=\"https:\/\/massenza.it\/wp-content\/uploads\/2025\/09\/cisterne-trasporto-bitume_4.webp\"><figure class=\"swiper-slide-inner\"><img decoding=\"async\" class=\"swiper-slide-image\" src=\"https:\/\/massenza.it\/wp-content\/uploads\/2025\/09\/cisterne-trasporto-bitume_4.webp\" alt=\"Citernes de transport bitume\" \/><\/figure><\/a><\/div><div class=\"swiper-slide\" role=\"group\" aria-roledescription=\"slide\" aria-label=\"5 sur 6\"><a data-elementor-open-lightbox=\"yes\" data-elementor-lightbox-slideshow=\"f5ccc95\" data-e-action-hash=\"#elementor-action%3Aaction%3Dlightbox%26settings%3DeyJpZCI6MjM3OSwidXJsIjoiaHR0cHM6XC9cL21hc3NlbnphLml0XC93cC1jb250ZW50XC91cGxvYWRzXC8yMDI1XC8wOVwvY2lzdGVybmUtdHJhc3BvcnRvLWJpdHVtZV81LndlYnAiLCJzbGlkZXNob3ciOiJmNWNjYzk1In0%3D\" href=\"https:\/\/massenza.it\/wp-content\/uploads\/2025\/09\/cisterne-trasporto-bitume_5.webp\"><figure class=\"swiper-slide-inner\"><img decoding=\"async\" class=\"swiper-slide-image\" src=\"https:\/\/massenza.it\/wp-content\/uploads\/2025\/09\/cisterne-trasporto-bitume_5.webp\" alt=\"Citernes de transport bitume\" \/><\/figure><\/a><\/div><div class=\"swiper-slide\" role=\"group\" aria-roledescription=\"slide\" aria-label=\"6 sur 6\"><a data-elementor-open-lightbox=\"yes\" data-elementor-lightbox-slideshow=\"f5ccc95\" data-e-action-hash=\"#elementor-action%3Aaction%3Dlightbox%26settings%3DeyJpZCI6MjM4MCwidXJsIjoiaHR0cHM6XC9cL21hc3NlbnphLml0XC93cC1jb250ZW50XC91cGxvYWRzXC8yMDI1XC8wOVwvY2lzdGVybmUtdHJhc3BvcnRvLWJpdHVtZV82LndlYnAiLCJzbGlkZXNob3ciOiJmNWNjYzk1In0%3D\" href=\"https:\/\/massenza.it\/wp-content\/uploads\/2025\/09\/cisterne-trasporto-bitume_6.webp\"><figure class=\"swiper-slide-inner\"><img decoding=\"async\" class=\"swiper-slide-image\" src=\"https:\/\/massenza.it\/wp-content\/uploads\/2025\/09\/cisterne-trasporto-bitume_6.webp\" alt=\"Citernes de transport bitume\" \/><\/figure><\/a><\/div>\t\t\t<\/div>\n\t\t\t\t\t\t\t\t\t\t\t\t<div class=\"elementor-swiper-button elementor-swiper-button-prev\" role=\"button\" tabindex=\"0\">\n\t\t\t\t\t\t<svg aria-hidden=\"true\" class=\"e-font-icon-svg e-eicon-chevron-left\" viewBox=\"0 0 1000 1000\" xmlns=\"http:\/\/www.w3.org\/2000\/svg\"><path d=\"M646 125C629 125 613 133 604 142L308 442C296 454 292 471 292 487 292 504 296 521 308 533L604 854C617 867 629 875 646 875 663 875 679 871 692 858 704 846 713 829 713 812 713 796 708 779 692 767L438 487 692 225C700 217 708 204 708 187 708 171 704 154 692 142 675 129 663 125 646 125Z\"><\/path><\/svg>\t\t\t\t\t<\/div>\n\t\t\t\t\t<div class=\"elementor-swiper-button elementor-swiper-button-next\" role=\"button\" tabindex=\"0\">\n\t\t\t\t\t\t<svg aria-hidden=\"true\" class=\"e-font-icon-svg e-eicon-chevron-right\" viewBox=\"0 0 1000 1000\" xmlns=\"http:\/\/www.w3.org\/2000\/svg\"><path d=\"M696 533C708 521 713 504 713 487 713 471 708 454 696 446L400 146C388 133 375 125 354 125 338 125 325 129 313 142 300 154 292 171 292 187 292 204 296 221 308 233L563 492 304 771C292 783 288 800 288 817 288 833 296 850 308 863 321 871 338 875 354 875 371 875 388 867 400 854L696 533Z\"><\/path><\/svg>\t\t\t\t\t<\/div>\n\t\t\t\t\n\t\t\t\t\t\t\t\t\t<div class=\"swiper-pagination\"><\/div>\n\t\t\t\t\t\t\t\t\t<\/div>\n\t\t\t\t\t\t<\/div>\n\t\t\t\t<\/div>\n\t\t\t\t\t<\/div>\n\t\t\t\t<\/div>\n\t\t<div class=\"elementor-element elementor-element-84ccb21 e-flex e-con-boxed elementor-invisible e-con e-parent\" data-id=\"84ccb21\" data-element_type=\"container\" data-e-type=\"container\" data-settings=\"{&quot;animation&quot;:&quot;bounceIn&quot;,&quot;animation_delay&quot;:300}\">\n\t\t\t\t\t<div class=\"e-con-inner\">\n\t\t\t\t<div class=\"elementor-element elementor-element-e877d26 elementor-widget elementor-widget-heading\" data-id=\"e877d26\" data-element_type=\"widget\" data-e-type=\"widget\" data-widget_type=\"heading.default\">\n\t\t\t\t\t<h5 class=\"elementor-heading-title elementor-size-default\">For more videos and insights about our machinery<\/h5>\t\t\t\t<\/div>\n\t\t\t\t<div class=\"elementor-element elementor-element-4293e67 elementor-widget elementor-widget-heading\" data-id=\"4293e67\" data-element_type=\"widget\" data-e-type=\"widget\" data-widget_type=\"heading.default\">\n\t\t\t\t\t<h2 class=\"elementor-heading-title elementor-size-default\">Visitez notre cha\u00eene YouTube !<\/h2>\t\t\t\t<\/div>\n\t\t\t\t<div class=\"elementor-element elementor-element-fa25385 elementor-align-center elementor-widget elementor-widget-button\" data-id=\"fa25385\" data-element_type=\"widget\" data-e-type=\"widget\" data-widget_type=\"button.default\">\n\t\t\t\t\t\t\t\t\t\t<a class=\"elementor-button elementor-button-link elementor-size-sm\" href=\"https:\/\/www.youtube.com\/@MassenzaSrl\" target=\"_blank\" rel=\"noopener\">\n\t\t\t\t\t\t<span class=\"elementor-button-content-wrapper\">\n\t\t\t\t\t\t<span class=\"elementor-button-icon\">\n\t\t\t\t<svg aria-hidden=\"true\" class=\"e-font-icon-svg e-fas-arrow-circle-right\" viewBox=\"0 0 512 512\" xmlns=\"http:\/\/www.w3.org\/2000\/svg\"><path d=\"M256 8c137 0 248 111 248 248S393 504 256 504 8 393 8 256 119 8 256 8zm-28.9 143.6l75.5 72.4H120c-13.3 0-24 10.7-24 24v16c0 13.3 10.7 24 24 24h182.6l-75.5 72.4c-9.7 9.3-9.9 24.8-.4 34.3l11 10.9c9.4 9.4 24.6 9.4 33.9 0L404.3 273c9.4-9.4 9.4-24.6 0-33.9L271.6 106.3c-9.4-9.4-24.6-9.4-33.9 0l-11 10.9c-9.5 9.6-9.3 25.1.4 34.4z\"><\/path><\/svg>\t\t\t<\/span>\n\t\t\t\t\t\t\t\t\t<span class=\"elementor-button-text\">Voir les d\u00e9tails<\/span>\n\t\t\t\t\t<\/span>\n\t\t\t\t\t<\/a>\n\t\t\t\t\t\t\t\t<\/div>\n\t\t\t\t\t<\/div>\n\t\t\t\t<\/div>\n\t\t<div class=\"elementor-element elementor-element-2c578f75 e-con-full e-flex elementor-invisible e-con e-parent\" data-id=\"2c578f75\" data-element_type=\"container\" data-e-type=\"container\" data-settings=\"{&quot;animation&quot;:&quot;fadeIn&quot;,&quot;animation_delay&quot;:300}\">\n\t\t<div class=\"elementor-element elementor-element-351f1cd8 e-con-full e-flex e-con e-child\" data-id=\"351f1cd8\" data-element_type=\"container\" data-e-type=\"container\" data-settings=\"{&quot;background_background&quot;:&quot;classic&quot;}\">\n\t\t\t\t<\/div>\n\t\t<div class=\"elementor-element elementor-element-4213a5b4 e-con-full e-flex e-con e-child\" data-id=\"4213a5b4\" data-element_type=\"container\" data-e-type=\"container\" data-settings=\"{&quot;background_background&quot;:&quot;classic&quot;}\">\n\t\t\t\t<div class=\"elementor-element elementor-element-32861f64 animated-fast elementor-invisible elementor-widget elementor-widget-heading\" data-id=\"32861f64\" data-element_type=\"widget\" data-e-type=\"widget\" data-settings=\"{&quot;_animation&quot;:&quot;slideInRight&quot;,&quot;_animation_delay&quot;:600}\" data-widget_type=\"heading.default\">\n\t\t\t\t\t<h2 class=\"elementor-heading-title elementor-size-default\">Soumettez votre demande<\/h2>\t\t\t\t<\/div>\n\t\t\t\t<div class=\"elementor-element elementor-element-380af1ad elementor-invisible elementor-widget elementor-widget-text-editor\" data-id=\"380af1ad\" data-element_type=\"widget\" data-e-type=\"widget\" data-settings=\"{&quot;_animation&quot;:&quot;slideInRight&quot;,&quot;_animation_delay&quot;:600}\" data-widget_type=\"text-editor.default\">\n\t\t\t\t\t\t\t\t\t<div class=\"rich-text white animation-fade delay04 animate-element\"><p>Nous vous avons convaincu? Si vous avez besoin d&rsquo;un suppl\u00e9ment d&rsquo;informations ou d&rsquo;un devis pour votre prochaine machine, merci de remplir et d&rsquo;envoyer le formulaire ci-dessous.<br>Notre \u00e9quipe commerciale vous contactera dans les plus brefs d\u00e9lais pour r\u00e9pondre \u00e0 vos questions. <\/p><\/div>\t\t\t\t\t\t\t\t<\/div>\n\t\t\t\t<div class=\"elementor-element elementor-element-354a5805 elementor-invisible elementor-widget elementor-widget-button\" data-id=\"354a5805\" data-element_type=\"widget\" data-e-type=\"widget\" data-settings=\"{&quot;_animation&quot;:&quot;slideInUp&quot;,&quot;_animation_delay&quot;:600}\" data-widget_type=\"button.default\">\n\t\t\t\t\t\t\t\t\t\t<a class=\"elementor-button elementor-button-link elementor-size-sm\" href=\"https:\/\/massenza.it\/fr\/contacts\/\">\n\t\t\t\t\t\t<span class=\"elementor-button-content-wrapper\">\n\t\t\t\t\t\t<span class=\"elementor-button-icon\">\n\t\t\t\t<svg aria-hidden=\"true\" class=\"e-font-icon-svg e-fas-arrow-circle-right\" viewBox=\"0 0 512 512\" xmlns=\"http:\/\/www.w3.org\/2000\/svg\"><path d=\"M256 8c137 0 248 111 248 248S393 504 256 504 8 393 8 256 119 8 256 8zm-28.9 143.6l75.5 72.4H120c-13.3 0-24 10.7-24 24v16c0 13.3 10.7 24 24 24h182.6l-75.5 72.4c-9.7 9.3-9.9 24.8-.4 34.3l11 10.9c9.4 9.4 24.6 9.4 33.9 0L404.3 273c9.4-9.4 9.4-24.6 0-33.9L271.6 106.3c-9.4-9.4-24.6-9.4-33.9 0l-11 10.9c-9.5 9.6-9.3 25.1.4 34.4z\"><\/path><\/svg>\t\t\t<\/span>\n\t\t\t\t\t\t\t\t\t<span class=\"elementor-button-text\">Contactez-nous maintenant<\/span>\n\t\t\t\t\t<\/span>\n\t\t\t\t\t<\/a>\n\t\t\t\t\t\t\t\t<\/div>\n\t\t\t\t<div class=\"elementor-element elementor-element-2758acaf elementor-absolute posizione-overflow elementor-widget elementor-widget-image\" data-id=\"2758acaf\" data-element_type=\"widget\" data-e-type=\"widget\" data-settings=\"{&quot;_position&quot;:&quot;absolute&quot;}\" data-widget_type=\"image.default\">\n\t\t\t\t\t\t\t\t\t\t\t\t\t\t\t<img fetchpriority=\"high\" decoding=\"async\" width=\"287\" height=\"286\" src=\"https:\/\/massenza.it\/wp-content\/uploads\/2025\/09\/spatola.svg\" class=\"attachment-full size-full wp-image-1916\" alt=\"\" \/>\t\t\t\t\t\t\t\t\t\t\t\t\t\t\t<\/div>\n\t\t\t\t<\/div>\n\t\t\t\t<\/div>\n\t\t\t\t<\/div>\n\t\t","protected":false},"excerpt":{"rendered":"<p>BITUME Citernes de transport bitume Home Aper\u00e7u Le transport routier de bitume sous forme liquide, m\u00eame sur de longues distances et pendant des dur\u00e9es consid\u00e9rables, est la solution la plus adopt\u00e9e pour approvisionner la plupart des utilisateurs finaux.Cela signifie que les citernes de transport citernes de transport du bitume doivent avoir une isolation appropri\u00e9e et [&hellip;]<\/p>\n","protected":false},"author":1,"featured_media":0,"parent":2011,"menu_order":0,"comment_status":"closed","ping_status":"closed","template":"","meta":{"_acf_changed":false,"footnotes":""},"class_list":["post-2381","page","type-page","status-publish","hentry"],"acf":[],"_links":{"self":[{"href":"https:\/\/massenza.it\/fr\/wp-json\/wp\/v2\/pages\/2381","targetHints":{"allow":["GET"]}}],"collection":[{"href":"https:\/\/massenza.it\/fr\/wp-json\/wp\/v2\/pages"}],"about":[{"href":"https:\/\/massenza.it\/fr\/wp-json\/wp\/v2\/types\/page"}],"author":[{"embeddable":true,"href":"https:\/\/massenza.it\/fr\/wp-json\/wp\/v2\/users\/1"}],"replies":[{"embeddable":true,"href":"https:\/\/massenza.it\/fr\/wp-json\/wp\/v2\/comments?post=2381"}],"version-history":[{"count":5,"href":"https:\/\/massenza.it\/fr\/wp-json\/wp\/v2\/pages\/2381\/revisions"}],"predecessor-version":[{"id":2933,"href":"https:\/\/massenza.it\/fr\/wp-json\/wp\/v2\/pages\/2381\/revisions\/2933"}],"up":[{"embeddable":true,"href":"https:\/\/massenza.it\/fr\/wp-json\/wp\/v2\/pages\/2011"}],"wp:attachment":[{"href":"https:\/\/massenza.it\/fr\/wp-json\/wp\/v2\/media?parent=2381"}],"curies":[{"name":"wp","href":"https:\/\/api.w.org\/{rel}","templated":true}]}}