{"id":2440,"date":"2025-09-18T11:07:02","date_gmt":"2025-09-18T09:07:02","guid":{"rendered":"https:\/\/massenza.it\/machines\/bitume\/fondoirs\/"},"modified":"2025-09-29T12:46:29","modified_gmt":"2025-09-29T10:46:29","slug":"fondoirs","status":"publish","type":"page","link":"https:\/\/massenza.it\/fr\/machines\/bitume\/fondoirs\/","title":{"rendered":"Fondoirs"},"content":{"rendered":"\t\t<div data-elementor-type=\"wp-page\" data-elementor-id=\"2440\" class=\"elementor elementor-2440 elementor-1186\" data-elementor-post-type=\"page\">\n\t\t\t\t<div class=\"elementor-element elementor-element-3c6127b e-flex e-con-boxed e-con e-parent\" data-id=\"3c6127b\" data-element_type=\"container\" data-e-type=\"container\" data-settings=\"{&quot;background_background&quot;:&quot;classic&quot;}\">\n\t\t\t\t\t<div class=\"e-con-inner\">\n\t\t<div class=\"elementor-element elementor-element-564206f0 e-con-full e-flex e-con e-child\" data-id=\"564206f0\" data-element_type=\"container\" data-e-type=\"container\">\n\t\t\t\t<div class=\"elementor-element elementor-element-95d90ec elementor-widget__width-initial animated-fast elementor-invisible elementor-widget elementor-widget-heading\" data-id=\"95d90ec\" data-element_type=\"widget\" data-e-type=\"widget\" data-settings=\"{&quot;_animation&quot;:&quot;slideInDown&quot;}\" data-widget_type=\"heading.default\">\n\t\t\t\t\t<p class=\"elementor-heading-title elementor-size-default\">BITUME<\/p>\t\t\t\t<\/div>\n\t\t\t\t<div class=\"elementor-element elementor-element-5bfc1cc2 elementor-widget__width-initial animated-fast elementor-invisible elementor-widget elementor-widget-heading\" data-id=\"5bfc1cc2\" data-element_type=\"widget\" data-e-type=\"widget\" data-settings=\"{&quot;_animation&quot;:&quot;slideInUp&quot;}\" data-widget_type=\"heading.default\">\n\t\t\t\t\t<h1 class=\"elementor-heading-title elementor-size-default\">Fondoirs<\/h1>\t\t\t\t<\/div>\n\t\t\t\t<\/div>\n\t\t\t\t\t<\/div>\n\t\t\t\t<\/div>\n\t\t<div class=\"elementor-element elementor-element-1bd1ddb7 e-flex e-con-boxed e-con e-parent\" data-id=\"1bd1ddb7\" data-element_type=\"container\" data-e-type=\"container\" data-settings=\"{&quot;background_background&quot;:&quot;classic&quot;}\">\n\t\t\t\t\t<div class=\"e-con-inner\">\n\t\t\t\t<div class=\"elementor-element elementor-element-1a58d49 breadcrumbs-box elementor-invisible elementor-widget elementor-widget-hfe-breadcrumbs-widget\" data-id=\"1a58d49\" data-element_type=\"widget\" data-e-type=\"widget\" data-settings=\"{&quot;_animation&quot;:&quot;fadeIn&quot;}\" data-widget_type=\"hfe-breadcrumbs-widget.default\">\n\t\t\t\t<div class=\"elementor-widget-container\">\n\t\t\t\t\t<nav aria-label=\"Breadcrumb\"><ul class=\"hfe-breadcrumbs hfe-breadcrumbs-show-home\"><li class=\"hfe-breadcrumbs-item hfe-breadcrumbs-first\"><span class=\"hfe-breadcrumbs-home-icon\"><\/span><a href=\"https:\/\/massenza.it\/fr\/\"><span class=\"hfe-breadcrumbs-text\">Home<\/span><\/a><\/li><\/ul><\/nav>\t\t\t\t<\/div>\n\t\t\t\t<\/div>\n\t\t\t\t\t<\/div>\n\t\t\t\t<\/div>\n\t\t<div class=\"elementor-element elementor-element-8f19956 e-flex e-con-boxed e-con e-parent\" data-id=\"8f19956\" data-element_type=\"container\" data-e-type=\"container\">\n\t\t\t\t\t<div class=\"e-con-inner\">\n\t\t<div class=\"elementor-element elementor-element-a04ea29 e-con-full e-flex elementor-invisible e-con e-child\" data-id=\"a04ea29\" data-element_type=\"container\" data-e-type=\"container\" data-settings=\"{&quot;animation&quot;:&quot;slideInLeft&quot;,&quot;animation_delay&quot;:300}\">\n\t\t\t\t<div class=\"elementor-element elementor-element-68e3a47 elementor-widget elementor-widget-heading\" data-id=\"68e3a47\" data-element_type=\"widget\" data-e-type=\"widget\" data-widget_type=\"heading.default\">\n\t\t\t\t\t<h2 class=\"elementor-heading-title elementor-size-default\">Aper\u00e7u<\/h2>\t\t\t\t<\/div>\n\t\t\t\t<div class=\"elementor-element elementor-element-87ac819 elementor-widget elementor-widget-text-editor\" data-id=\"87ac819\" data-element_type=\"widget\" data-e-type=\"widget\" data-widget_type=\"text-editor.default\">\n\t\t\t\t\t\t\t\t\t<div class=\"rich-text animation-fade delay02 animate-element\"><div class=\"rich-text animation-fade delay02 animate-element\"><p>La <strong>logistique du bitume<\/strong> peut parfois \u00eatre complexe, surtout dans certaines r\u00e9gions du monde o\u00f9 le transport routier de bitume liquide n&rsquo;est pas possible. Dans ces cas, la plupart des utilisateurs finaux re\u00e7oivent le bitume solide en f\u00fbts et ont <strong>besoin de le fondre<\/strong> pour pouvoir ensuite le stocker et l&rsquo;utiliser. <\/p><p>C&rsquo;est dans ce but que nous avons d\u00e9velopp\u00e9 depuis plusieurs d\u00e9cennies un fondoir \u00e0 f\u00fbts sp\u00e9cifique, le meilleur \u00e9quipement existant \u00e0 l&rsquo;heure actuelle pour <strong>fondre le bitume en f\u00fbts.<\/strong><\/p><p>Quels sont ses points forts?<\/p><ul><li>Fiabilit\u00e9<\/li><li>Facilit\u00e9 d&#8217;emploi<\/li><li>Haute efficacit\u00e9<\/li><\/ul><p> <\/p><p>Les principaux constructeurs des routes du monde ont sur chacun de leurs chantiers un ou plusieurs de ces fondoirs \u00e0 f\u00fbts.<\/p><p>Les tendances r\u00e9centes du march\u00e9 ont impos\u00e9 de remplacer les f\u00fbts par d&rsquo;autres solutions. Nous avons donc r\u00e9cemment mis \u00e0 jour notre gamme de fondoirs et r\u00e9alis\u00e9 de <strong>nouveaux \u00e9quipements<\/strong> en mesure de fondre le bitume en sacs de 1.000 kg, 300 kg et m\u00eame 20-25 kg. <\/p><p><strong>Fondoir \u00e0 f\u00fbts<\/strong><\/p><p>Le fondoir \u00e0 f\u00fbts a \u00e9t\u00e9 con\u00e7u pour assurer une <strong>fusion optimale et rapide<\/strong> du bitume solide en f\u00fbts destin\u00e9 \u00e0 \u00eatre utilis\u00e9 ensuite sous forme liquide.<\/p><p>Nous avons plusieurs mod\u00e8les disponibles, avec capacit\u00e9 de fusion variable de 2,5 \u00e0 10 kg\/heure.<\/p><p>Nous avons r\u00e9alis\u00e9 cet \u00e9quipement pour <strong>fondre en continu le bitume<\/strong> fourni en f\u00fbts de 200 kg de mani\u00e8re \u00e0 assurer <strong>une alimentation continue<\/strong> de bitume liquide.<br>Sur demande, nous pouvons monter sur le skid du fondoir une <a title=\"Chaudi\u00e8res ol\u00e9othermiques\" href=\"https:\/\/massenza.it\/fr\/machines\/bitume\/chaudieres-oleothermiques\/\"><strong>chaudi\u00e8re ol\u00e9othermique<\/strong><\/a> afin d&rsquo;alimenter le fondoir avec de l&rsquo;huile diathermique et assurer ainsi l&rsquo;ind\u00e9pendance de l&rsquo;unit\u00e9 de toute source de chaleur externe.<\/p><\/div><\/div>\t\t\t\t\t\t\t\t<\/div>\n\t\t\t\t<\/div>\n\t\t<div class=\"elementor-element elementor-element-2bf9f6d e-con-full e-flex elementor-invisible e-con e-child\" data-id=\"2bf9f6d\" data-element_type=\"container\" data-e-type=\"container\" data-settings=\"{&quot;animation&quot;:&quot;slideInRight&quot;,&quot;animation_delay&quot;:300}\">\n\t\t\t\t<div class=\"elementor-element elementor-element-f5ccc95 elementor-pagination-position-outside elementor-widget elementor-widget-image-carousel\" data-id=\"f5ccc95\" data-element_type=\"widget\" data-e-type=\"widget\" data-settings=\"{&quot;slides_to_show&quot;:&quot;1&quot;,&quot;navigation&quot;:&quot;dots&quot;,&quot;autoplay&quot;:&quot;yes&quot;,&quot;autoplay_speed&quot;:5000,&quot;infinite&quot;:&quot;yes&quot;,&quot;effect&quot;:&quot;slide&quot;,&quot;speed&quot;:500}\" data-widget_type=\"image-carousel.default\">\n\t\t\t\t\t\t\t<div class=\"elementor-image-carousel-wrapper swiper\" role=\"region\" aria-roledescription=\"carousel\" aria-label=\"Carosello d&#039;immagini\" dir=\"ltr\">\n\t\t\t<div class=\"elementor-image-carousel swiper-wrapper swiper-image-stretch\" aria-live=\"off\">\n\t\t\t\t\t\t\t\t<div class=\"swiper-slide\" role=\"group\" aria-roledescription=\"slide\" aria-label=\"1 sur 7\"><a data-elementor-open-lightbox=\"yes\" data-elementor-lightbox-slideshow=\"f5ccc95\" data-e-action-hash=\"#elementor-action%3Aaction%3Dlightbox%26settings%3DeyJpZCI6MjQzMywidXJsIjoiaHR0cHM6XC9cL21hc3NlbnphLml0XC93cC1jb250ZW50XC91cGxvYWRzXC8yMDI1XC8wOVwvZnVzb3JpXzEud2VicCIsInNsaWRlc2hvdyI6ImY1Y2NjOTUifQ%3D%3D\" href=\"https:\/\/massenza.it\/wp-content\/uploads\/2025\/09\/fusori_1.webp\"><figure class=\"swiper-slide-inner\"><img decoding=\"async\" class=\"swiper-slide-image\" src=\"https:\/\/massenza.it\/wp-content\/uploads\/2025\/09\/fusori_1.webp\" alt=\"Fondoirs\" \/><\/figure><\/a><\/div><div class=\"swiper-slide\" role=\"group\" aria-roledescription=\"slide\" aria-label=\"2 sur 7\"><a data-elementor-open-lightbox=\"yes\" data-elementor-lightbox-slideshow=\"f5ccc95\" data-e-action-hash=\"#elementor-action%3Aaction%3Dlightbox%26settings%3DeyJpZCI6MjQzNCwidXJsIjoiaHR0cHM6XC9cL21hc3NlbnphLml0XC93cC1jb250ZW50XC91cGxvYWRzXC8yMDI1XC8wOVwvZnVzb3JpXzIud2VicCIsInNsaWRlc2hvdyI6ImY1Y2NjOTUifQ%3D%3D\" href=\"https:\/\/massenza.it\/wp-content\/uploads\/2025\/09\/fusori_2.webp\"><figure class=\"swiper-slide-inner\"><img decoding=\"async\" class=\"swiper-slide-image\" src=\"https:\/\/massenza.it\/wp-content\/uploads\/2025\/09\/fusori_2.webp\" alt=\"Fondoirs\" \/><\/figure><\/a><\/div><div class=\"swiper-slide\" role=\"group\" aria-roledescription=\"slide\" aria-label=\"3 sur 7\"><a data-elementor-open-lightbox=\"yes\" data-elementor-lightbox-slideshow=\"f5ccc95\" data-e-action-hash=\"#elementor-action%3Aaction%3Dlightbox%26settings%3DeyJpZCI6MjQzNSwidXJsIjoiaHR0cHM6XC9cL21hc3NlbnphLml0XC93cC1jb250ZW50XC91cGxvYWRzXC8yMDI1XC8wOVwvZnVzb3JpXzMud2VicCIsInNsaWRlc2hvdyI6ImY1Y2NjOTUifQ%3D%3D\" href=\"https:\/\/massenza.it\/wp-content\/uploads\/2025\/09\/fusori_3.webp\"><figure class=\"swiper-slide-inner\"><img decoding=\"async\" class=\"swiper-slide-image\" src=\"https:\/\/massenza.it\/wp-content\/uploads\/2025\/09\/fusori_3.webp\" alt=\"Fondoirs\" \/><\/figure><\/a><\/div><div class=\"swiper-slide\" role=\"group\" aria-roledescription=\"slide\" aria-label=\"4 sur 7\"><a data-elementor-open-lightbox=\"yes\" data-elementor-lightbox-slideshow=\"f5ccc95\" data-e-action-hash=\"#elementor-action%3Aaction%3Dlightbox%26settings%3DeyJpZCI6MjQzNiwidXJsIjoiaHR0cHM6XC9cL21hc3NlbnphLml0XC93cC1jb250ZW50XC91cGxvYWRzXC8yMDI1XC8wOVwvZnVzb3JpXzQud2VicCIsInNsaWRlc2hvdyI6ImY1Y2NjOTUifQ%3D%3D\" href=\"https:\/\/massenza.it\/wp-content\/uploads\/2025\/09\/fusori_4.webp\"><figure class=\"swiper-slide-inner\"><img decoding=\"async\" class=\"swiper-slide-image\" src=\"https:\/\/massenza.it\/wp-content\/uploads\/2025\/09\/fusori_4.webp\" alt=\"Fondoirs\" \/><\/figure><\/a><\/div><div class=\"swiper-slide\" role=\"group\" aria-roledescription=\"slide\" aria-label=\"5 sur 7\"><a data-elementor-open-lightbox=\"yes\" data-elementor-lightbox-slideshow=\"f5ccc95\" data-e-action-hash=\"#elementor-action%3Aaction%3Dlightbox%26settings%3DeyJpZCI6MjQzNywidXJsIjoiaHR0cHM6XC9cL21hc3NlbnphLml0XC93cC1jb250ZW50XC91cGxvYWRzXC8yMDI1XC8wOVwvZnVzb3JpXzUud2VicCIsInNsaWRlc2hvdyI6ImY1Y2NjOTUifQ%3D%3D\" href=\"https:\/\/massenza.it\/wp-content\/uploads\/2025\/09\/fusori_5.webp\"><figure class=\"swiper-slide-inner\"><img decoding=\"async\" class=\"swiper-slide-image\" src=\"https:\/\/massenza.it\/wp-content\/uploads\/2025\/09\/fusori_5.webp\" alt=\"Fondoirs\" \/><\/figure><\/a><\/div><div class=\"swiper-slide\" role=\"group\" aria-roledescription=\"slide\" aria-label=\"6 sur 7\"><a data-elementor-open-lightbox=\"yes\" data-elementor-lightbox-slideshow=\"f5ccc95\" data-e-action-hash=\"#elementor-action%3Aaction%3Dlightbox%26settings%3DeyJpZCI6MjQzOCwidXJsIjoiaHR0cHM6XC9cL21hc3NlbnphLml0XC93cC1jb250ZW50XC91cGxvYWRzXC8yMDI1XC8wOVwvZnVzb3JpXzYud2VicCIsInNsaWRlc2hvdyI6ImY1Y2NjOTUifQ%3D%3D\" href=\"https:\/\/massenza.it\/wp-content\/uploads\/2025\/09\/fusori_6.webp\"><figure class=\"swiper-slide-inner\"><img decoding=\"async\" class=\"swiper-slide-image\" src=\"https:\/\/massenza.it\/wp-content\/uploads\/2025\/09\/fusori_6.webp\" alt=\"Fondoirs\" \/><\/figure><\/a><\/div><div class=\"swiper-slide\" role=\"group\" aria-roledescription=\"slide\" aria-label=\"7 sur 7\"><a data-elementor-open-lightbox=\"yes\" data-elementor-lightbox-slideshow=\"f5ccc95\" data-e-action-hash=\"#elementor-action%3Aaction%3Dlightbox%26settings%3DeyJpZCI6MjQzOSwidXJsIjoiaHR0cHM6XC9cL21hc3NlbnphLml0XC93cC1jb250ZW50XC91cGxvYWRzXC8yMDI1XC8wOVwvZnVzb3JpXzcud2VicCIsInNsaWRlc2hvdyI6ImY1Y2NjOTUifQ%3D%3D\" href=\"https:\/\/massenza.it\/wp-content\/uploads\/2025\/09\/fusori_7.webp\"><figure class=\"swiper-slide-inner\"><img decoding=\"async\" class=\"swiper-slide-image\" src=\"https:\/\/massenza.it\/wp-content\/uploads\/2025\/09\/fusori_7.webp\" alt=\"Fondoirs\" \/><\/figure><\/a><\/div>\t\t\t<\/div>\n\t\t\t\t\t\t\t\n\t\t\t\t\t\t\t\t\t<div class=\"swiper-pagination\"><\/div>\n\t\t\t\t\t\t\t\t\t<\/div>\n\t\t\t\t\t\t<\/div>\n\t\t\t\t<div class=\"elementor-element elementor-element-644de06 bordo-video elementor-widget elementor-widget-video\" data-id=\"644de06\" data-element_type=\"widget\" data-e-type=\"widget\" data-settings=\"{&quot;youtube_url&quot;:&quot;https:\\\/\\\/www.youtube.com\\\/watch?v=xdZ-tHfaH7c&quot;,&quot;video_type&quot;:&quot;youtube&quot;,&quot;controls&quot;:&quot;yes&quot;}\" data-widget_type=\"video.default\">\n\t\t\t\t\t\t\t<div class=\"elementor-wrapper elementor-open-inline\">\n\t\t\t<div class=\"elementor-video\"><\/div>\t\t<\/div>\n\t\t\t\t\t\t<\/div>\n\t\t\t\t<\/div>\n\t\t\t\t\t<\/div>\n\t\t\t\t<\/div>\n\t\t<div class=\"elementor-element elementor-element-84ccb21 e-flex e-con-boxed elementor-invisible e-con e-parent\" data-id=\"84ccb21\" data-element_type=\"container\" data-e-type=\"container\" data-settings=\"{&quot;animation&quot;:&quot;bounceIn&quot;,&quot;animation_delay&quot;:300}\">\n\t\t\t\t\t<div class=\"e-con-inner\">\n\t\t\t\t<div class=\"elementor-element elementor-element-e877d26 elementor-widget elementor-widget-heading\" data-id=\"e877d26\" data-element_type=\"widget\" data-e-type=\"widget\" data-widget_type=\"heading.default\">\n\t\t\t\t\t<h5 class=\"elementor-heading-title elementor-size-default\">For more videos and insights about our machinery<\/h5>\t\t\t\t<\/div>\n\t\t\t\t<div class=\"elementor-element elementor-element-4293e67 elementor-widget elementor-widget-heading\" data-id=\"4293e67\" data-element_type=\"widget\" data-e-type=\"widget\" data-widget_type=\"heading.default\">\n\t\t\t\t\t<h2 class=\"elementor-heading-title elementor-size-default\">Visitez notre cha\u00eene YouTube !<\/h2>\t\t\t\t<\/div>\n\t\t\t\t<div class=\"elementor-element elementor-element-fa25385 elementor-align-center elementor-widget elementor-widget-button\" data-id=\"fa25385\" data-element_type=\"widget\" data-e-type=\"widget\" data-widget_type=\"button.default\">\n\t\t\t\t\t\t\t\t\t\t<a class=\"elementor-button elementor-button-link elementor-size-sm\" href=\"https:\/\/www.youtube.com\/@MassenzaSrl\" target=\"_blank\" rel=\"noopener\">\n\t\t\t\t\t\t<span class=\"elementor-button-content-wrapper\">\n\t\t\t\t\t\t<span class=\"elementor-button-icon\">\n\t\t\t\t<svg aria-hidden=\"true\" class=\"e-font-icon-svg e-fas-arrow-circle-right\" viewBox=\"0 0 512 512\" xmlns=\"http:\/\/www.w3.org\/2000\/svg\"><path d=\"M256 8c137 0 248 111 248 248S393 504 256 504 8 393 8 256 119 8 256 8zm-28.9 143.6l75.5 72.4H120c-13.3 0-24 10.7-24 24v16c0 13.3 10.7 24 24 24h182.6l-75.5 72.4c-9.7 9.3-9.9 24.8-.4 34.3l11 10.9c9.4 9.4 24.6 9.4 33.9 0L404.3 273c9.4-9.4 9.4-24.6 0-33.9L271.6 106.3c-9.4-9.4-24.6-9.4-33.9 0l-11 10.9c-9.5 9.6-9.3 25.1.4 34.4z\"><\/path><\/svg>\t\t\t<\/span>\n\t\t\t\t\t\t\t\t\t<span class=\"elementor-button-text\">Voir les d\u00e9tails<\/span>\n\t\t\t\t\t<\/span>\n\t\t\t\t\t<\/a>\n\t\t\t\t\t\t\t\t<\/div>\n\t\t\t\t\t<\/div>\n\t\t\t\t<\/div>\n\t\t<div class=\"elementor-element elementor-element-2c578f75 e-con-full e-flex elementor-invisible e-con e-parent\" data-id=\"2c578f75\" data-element_type=\"container\" data-e-type=\"container\" data-settings=\"{&quot;animation&quot;:&quot;fadeIn&quot;,&quot;animation_delay&quot;:300}\">\n\t\t<div class=\"elementor-element elementor-element-351f1cd8 e-con-full e-flex e-con e-child\" data-id=\"351f1cd8\" data-element_type=\"container\" data-e-type=\"container\" data-settings=\"{&quot;background_background&quot;:&quot;classic&quot;}\">\n\t\t\t\t<\/div>\n\t\t<div class=\"elementor-element elementor-element-4213a5b4 e-con-full e-flex e-con e-child\" data-id=\"4213a5b4\" data-element_type=\"container\" data-e-type=\"container\" data-settings=\"{&quot;background_background&quot;:&quot;classic&quot;}\">\n\t\t\t\t<div class=\"elementor-element elementor-element-32861f64 animated-fast elementor-invisible elementor-widget elementor-widget-heading\" data-id=\"32861f64\" data-element_type=\"widget\" data-e-type=\"widget\" data-settings=\"{&quot;_animation&quot;:&quot;slideInRight&quot;,&quot;_animation_delay&quot;:600}\" data-widget_type=\"heading.default\">\n\t\t\t\t\t<h2 class=\"elementor-heading-title elementor-size-default\">Soumettez votre demande<\/h2>\t\t\t\t<\/div>\n\t\t\t\t<div class=\"elementor-element elementor-element-380af1ad elementor-invisible elementor-widget elementor-widget-text-editor\" data-id=\"380af1ad\" data-element_type=\"widget\" data-e-type=\"widget\" data-settings=\"{&quot;_animation&quot;:&quot;slideInRight&quot;,&quot;_animation_delay&quot;:600}\" data-widget_type=\"text-editor.default\">\n\t\t\t\t\t\t\t\t\t<div class=\"rich-text white animation-fade delay04 animate-element\"><p>Nous vous avons convaincu? Si vous avez besoin d&rsquo;un suppl\u00e9ment d&rsquo;informations ou d&rsquo;un devis pour votre prochaine machine, merci de remplir et d&rsquo;envoyer le formulaire ci-dessous.<br>Notre \u00e9quipe commerciale vous contactera dans les plus brefs d\u00e9lais pour r\u00e9pondre \u00e0 vos questions. <\/p><\/div>\t\t\t\t\t\t\t\t<\/div>\n\t\t\t\t<div class=\"elementor-element elementor-element-354a5805 elementor-invisible elementor-widget elementor-widget-button\" data-id=\"354a5805\" data-element_type=\"widget\" data-e-type=\"widget\" data-settings=\"{&quot;_animation&quot;:&quot;slideInUp&quot;,&quot;_animation_delay&quot;:600}\" data-widget_type=\"button.default\">\n\t\t\t\t\t\t\t\t\t\t<a class=\"elementor-button elementor-button-link elementor-size-sm\" href=\"https:\/\/massenza.it\/fr\/contacts\/\">\n\t\t\t\t\t\t<span class=\"elementor-button-content-wrapper\">\n\t\t\t\t\t\t<span class=\"elementor-button-icon\">\n\t\t\t\t<svg aria-hidden=\"true\" class=\"e-font-icon-svg e-fas-arrow-circle-right\" viewBox=\"0 0 512 512\" xmlns=\"http:\/\/www.w3.org\/2000\/svg\"><path d=\"M256 8c137 0 248 111 248 248S393 504 256 504 8 393 8 256 119 8 256 8zm-28.9 143.6l75.5 72.4H120c-13.3 0-24 10.7-24 24v16c0 13.3 10.7 24 24 24h182.6l-75.5 72.4c-9.7 9.3-9.9 24.8-.4 34.3l11 10.9c9.4 9.4 24.6 9.4 33.9 0L404.3 273c9.4-9.4 9.4-24.6 0-33.9L271.6 106.3c-9.4-9.4-24.6-9.4-33.9 0l-11 10.9c-9.5 9.6-9.3 25.1.4 34.4z\"><\/path><\/svg>\t\t\t<\/span>\n\t\t\t\t\t\t\t\t\t<span class=\"elementor-button-text\">Contactez-nous maintenant<\/span>\n\t\t\t\t\t<\/span>\n\t\t\t\t\t<\/a>\n\t\t\t\t\t\t\t\t<\/div>\n\t\t\t\t<div class=\"elementor-element elementor-element-2758acaf elementor-absolute posizione-overflow elementor-widget elementor-widget-image\" data-id=\"2758acaf\" data-element_type=\"widget\" data-e-type=\"widget\" data-settings=\"{&quot;_position&quot;:&quot;absolute&quot;}\" data-widget_type=\"image.default\">\n\t\t\t\t\t\t\t\t\t\t\t\t\t\t\t<img fetchpriority=\"high\" decoding=\"async\" width=\"287\" height=\"286\" src=\"https:\/\/massenza.it\/wp-content\/uploads\/2025\/09\/spatola.svg\" class=\"attachment-full size-full wp-image-1916\" alt=\"\" \/>\t\t\t\t\t\t\t\t\t\t\t\t\t\t\t<\/div>\n\t\t\t\t<\/div>\n\t\t\t\t<\/div>\n\t\t\t\t<\/div>\n\t\t","protected":false},"excerpt":{"rendered":"<p>BITUME Fondoirs Home Aper\u00e7u La logistique du bitume peut parfois \u00eatre complexe, surtout dans certaines r\u00e9gions du monde o\u00f9 le transport routier de bitume liquide n&rsquo;est pas possible. Dans ces cas, la plupart des utilisateurs finaux re\u00e7oivent le bitume solide en f\u00fbts et ont besoin de le fondre pour pouvoir ensuite le stocker et l&rsquo;utiliser. [&hellip;]<\/p>\n","protected":false},"author":1,"featured_media":0,"parent":2011,"menu_order":0,"comment_status":"closed","ping_status":"closed","template":"","meta":{"_acf_changed":false,"footnotes":""},"class_list":["post-2440","page","type-page","status-publish","hentry"],"acf":[],"_links":{"self":[{"href":"https:\/\/massenza.it\/fr\/wp-json\/wp\/v2\/pages\/2440","targetHints":{"allow":["GET"]}}],"collection":[{"href":"https:\/\/massenza.it\/fr\/wp-json\/wp\/v2\/pages"}],"about":[{"href":"https:\/\/massenza.it\/fr\/wp-json\/wp\/v2\/types\/page"}],"author":[{"embeddable":true,"href":"https:\/\/massenza.it\/fr\/wp-json\/wp\/v2\/users\/1"}],"replies":[{"embeddable":true,"href":"https:\/\/massenza.it\/fr\/wp-json\/wp\/v2\/comments?post=2440"}],"version-history":[{"count":3,"href":"https:\/\/massenza.it\/fr\/wp-json\/wp\/v2\/pages\/2440\/revisions"}],"predecessor-version":[{"id":2953,"href":"https:\/\/massenza.it\/fr\/wp-json\/wp\/v2\/pages\/2440\/revisions\/2953"}],"up":[{"embeddable":true,"href":"https:\/\/massenza.it\/fr\/wp-json\/wp\/v2\/pages\/2011"}],"wp:attachment":[{"href":"https:\/\/massenza.it\/fr\/wp-json\/wp\/v2\/media?parent=2440"}],"curies":[{"name":"wp","href":"https:\/\/api.w.org\/{rel}","templated":true}]}}