{"id":2492,"date":"2025-09-18T11:29:14","date_gmt":"2025-09-18T09:29:14","guid":{"rendered":"https:\/\/massenza.it\/machines\/bitume\/thermobox\/"},"modified":"2025-09-29T12:58:02","modified_gmt":"2025-09-29T10:58:02","slug":"thermobox","status":"publish","type":"page","link":"https:\/\/massenza.it\/fr\/machines\/bitume\/thermobox\/","title":{"rendered":"Thermobox"},"content":{"rendered":"\t\t<div data-elementor-type=\"wp-page\" data-elementor-id=\"2492\" class=\"elementor elementor-2492 elementor-1226\" data-elementor-post-type=\"page\">\n\t\t\t\t<div class=\"elementor-element elementor-element-3c6127b e-flex e-con-boxed e-con e-parent\" data-id=\"3c6127b\" data-element_type=\"container\" data-e-type=\"container\" data-settings=\"{&quot;background_background&quot;:&quot;classic&quot;}\">\n\t\t\t\t\t<div class=\"e-con-inner\">\n\t\t<div class=\"elementor-element elementor-element-564206f0 e-con-full e-flex e-con e-child\" data-id=\"564206f0\" data-element_type=\"container\" data-e-type=\"container\">\n\t\t\t\t<div class=\"elementor-element elementor-element-95d90ec elementor-widget__width-initial animated-fast elementor-invisible elementor-widget elementor-widget-heading\" data-id=\"95d90ec\" data-element_type=\"widget\" data-e-type=\"widget\" data-settings=\"{&quot;_animation&quot;:&quot;slideInDown&quot;}\" data-widget_type=\"heading.default\">\n\t\t\t\t\t<p class=\"elementor-heading-title elementor-size-default\">BITUME<\/p>\t\t\t\t<\/div>\n\t\t\t\t<div class=\"elementor-element elementor-element-5bfc1cc2 elementor-widget__width-initial animated-fast elementor-invisible elementor-widget elementor-widget-heading\" data-id=\"5bfc1cc2\" data-element_type=\"widget\" data-e-type=\"widget\" data-settings=\"{&quot;_animation&quot;:&quot;slideInUp&quot;}\" data-widget_type=\"heading.default\">\n\t\t\t\t\t<h1 class=\"elementor-heading-title elementor-size-default\">Thermobox<\/h1>\t\t\t\t<\/div>\n\t\t\t\t<\/div>\n\t\t\t\t\t<\/div>\n\t\t\t\t<\/div>\n\t\t<div class=\"elementor-element elementor-element-14df9bab e-flex e-con-boxed e-con e-parent\" data-id=\"14df9bab\" data-element_type=\"container\" data-e-type=\"container\" data-settings=\"{&quot;background_background&quot;:&quot;classic&quot;}\">\n\t\t\t\t\t<div class=\"e-con-inner\">\n\t\t\t\t<div class=\"elementor-element elementor-element-768b2e47 breadcrumbs-box elementor-invisible elementor-widget elementor-widget-hfe-breadcrumbs-widget\" data-id=\"768b2e47\" data-element_type=\"widget\" data-e-type=\"widget\" data-settings=\"{&quot;_animation&quot;:&quot;fadeIn&quot;}\" data-widget_type=\"hfe-breadcrumbs-widget.default\">\n\t\t\t\t<div class=\"elementor-widget-container\">\n\t\t\t\t\t<nav aria-label=\"Breadcrumb\"><ul class=\"hfe-breadcrumbs hfe-breadcrumbs-show-home\"><li class=\"hfe-breadcrumbs-item hfe-breadcrumbs-first\"><span class=\"hfe-breadcrumbs-home-icon\"><\/span><a href=\"https:\/\/massenza.it\/fr\/\"><span class=\"hfe-breadcrumbs-text\">Home<\/span><\/a><\/li><\/ul><\/nav>\t\t\t\t<\/div>\n\t\t\t\t<\/div>\n\t\t\t\t\t<\/div>\n\t\t\t\t<\/div>\n\t\t<div class=\"elementor-element elementor-element-8f19956 e-flex e-con-boxed e-con e-parent\" data-id=\"8f19956\" data-element_type=\"container\" data-e-type=\"container\">\n\t\t\t\t\t<div class=\"e-con-inner\">\n\t\t<div class=\"elementor-element elementor-element-a04ea29 e-con-full e-flex elementor-invisible e-con e-child\" data-id=\"a04ea29\" data-element_type=\"container\" data-e-type=\"container\" data-settings=\"{&quot;animation&quot;:&quot;slideInLeft&quot;,&quot;animation_delay&quot;:300}\">\n\t\t\t\t<div class=\"elementor-element elementor-element-68e3a47 elementor-widget elementor-widget-heading\" data-id=\"68e3a47\" data-element_type=\"widget\" data-e-type=\"widget\" data-widget_type=\"heading.default\">\n\t\t\t\t\t<h2 class=\"elementor-heading-title elementor-size-default\">Aper\u00e7u<\/h2>\t\t\t\t<\/div>\n\t\t\t\t<div class=\"elementor-element elementor-element-87ac819 elementor-widget elementor-widget-text-editor\" data-id=\"87ac819\" data-element_type=\"widget\" data-e-type=\"widget\" data-widget_type=\"text-editor.default\">\n\t\t\t\t\t\t\t\t\t<div class=\"rich-text animation-fade delay02 animate-element\"><p>Le probl\u00e8me fondamental \u00e0 affronter lors des travaux de r\u00e9paration des routes consiste \u00e0 <strong>maintenir suffisamment chaud l&rsquo;enrob\u00e9 bitumineux<\/strong> pour pouvoir le compacter de mani\u00e8re optimale; sans un bon compactage, l&rsquo;efficacit\u00e9 de la r\u00e9paration est consid\u00e9rablement r\u00e9duite.<\/p><p>Avec <strong>THERMOBOX<\/strong>, l&rsquo;\u00e9pandage du l\u2019enrob\u00e9 bitumineux est une op\u00e9ration <strong>simple et efficace<\/strong>. Notre \u00e9quipement est <strong>le seul \u00e0 utiliser le chauffage \u00e0 l&rsquo;huile diathermique.<\/strong> <\/p><p>Comme le syst\u00e8me fonctionne-t-il? Avec une chaudi\u00e8re ol\u00e9othermique sp\u00e9ciale, aliment\u00e9e par un br\u00fbleur \u00e0 gasoil. Le br\u00fbleur <strong>permet un contr\u00f4le parfait de la temp\u00e9rature<\/strong> de r\u00e9chauffage, sans endommager l\u2019enrob\u00e9 endommager l\u2019enrob\u00e9 &#8211; un probl\u00e8me fr\u00e9quent dans le cas du r\u00e9chauffage \u00e0 chaleur directe.<br>De plus, les <strong>probl\u00e8mes d&rsquo;extraction de l&rsquo;enrob\u00e9 disparaissent<\/strong> gr\u00e2ce au r\u00e9chauffage ol\u00e9othermique de l&rsquo;ensemble de la vis sans fin &#8211; une difficult\u00e9 qui est souvent pr\u00e9sente sur d&rsquo;autres machines existant dans le commerce. <\/p><p>Le produit chaud <strong>s&rsquo;\u00e9tend mieux et plus facilement.<\/strong> La possibilit\u00e9 de d\u00e9charger le mat\u00e9riel en quantit\u00e9 exacte au bon endroit se traduit par une <strong>meilleure productivit\u00e9.<\/strong> Les <strong>avantages en termes de co\u00fbts<\/strong> sont \u00e9vidents. Il est possible de charger le dispositif le soir et \u00eatre pr\u00eat sur le chantier t\u00f4t le matin, sans faire attendre inutilement l&rsquo;\u00e9quipe.   <\/p><p>Le client b\u00e9n\u00e9ficiera de <strong>nombreux avantages<\/strong> gr\u00e2ce \u00e0 l&rsquo;utilisation du conglom\u00e9rat bitumineux chaud \u00e0 la bonne temp\u00e9rature, notamment:<\/p><ul><li>un meilleur r\u00e9sultat final du travail de rapi\u00e8cement;<\/li><li>la r\u00e9duction des r\u00e9clamations et donc des frais de r\u00e9fection;<\/li><li>l&rsquo;\u00e9limination des surplus trop froids;<\/li><li>le prolongement de la saison de travail;<\/li><li>la r\u00e9duction des co\u00fbts.<\/li><\/ul><p> <\/p><p>Thermobox est disponible avec une capacit\u00e9 de charge de l&rsquo;enrob\u00e9 de 3 \u00e0 6 m\u00e8tres cubes.<\/p><p><strong>Caract\u00e9ristiques principales<\/strong><\/p><p>&#8211; Large ouverture sup\u00e9rieure, avec portes pliantes \u00e0 ouverture hydraulique pour assurer un chargement ais\u00e9.<br>&#8211; Gainage de la tr\u00e9mie avec circulation d&rsquo;huile diathermique.<br>&#8211; Vis sans fin d&rsquo;extraction \u00e0 actionnement hydraulique et compl\u00e8tement gain\u00e9e \u00e0 huile diathermique.<br>&#8211; Canal de d\u00e9chargement mont\u00e9 sur sellette d&rsquo;attelage pour une distribution facile du produit.<br>&#8211; Actionnements hydrauliques avec circuit surdimensionn\u00e9 pour un fonctionnement sans entrave.<br>&#8211; Moteur diesel de 24 kW de puissance, insonoris\u00e9 &#8211; dans les limites pr\u00e9vues par la loi &#8211; pour permettre de travailler en centre-ville.<br>&#8211; Dispositif pour le raccordement au r\u00e9seau sur le chantier.<br>&#8211; Tableau de commande centralis\u00e9 pour contr\u00f4le des temp\u00e9ratures et d&rsquo;autres dispositifs utilisateurs.<\/p><\/div>\t\t\t\t\t\t\t\t<\/div>\n\t\t\t\t<\/div>\n\t\t<div class=\"elementor-element elementor-element-2bf9f6d e-con-full e-flex elementor-invisible e-con e-child\" data-id=\"2bf9f6d\" data-element_type=\"container\" data-e-type=\"container\" data-settings=\"{&quot;animation&quot;:&quot;slideInRight&quot;,&quot;animation_delay&quot;:300}\">\n\t\t\t\t<div class=\"elementor-element elementor-element-f5ccc95 elementor-arrows-position-outside elementor-pagination-position-outside elementor-widget elementor-widget-image-carousel\" data-id=\"f5ccc95\" data-element_type=\"widget\" data-e-type=\"widget\" data-settings=\"{&quot;slides_to_show&quot;:&quot;1&quot;,&quot;navigation&quot;:&quot;both&quot;,&quot;autoplay&quot;:&quot;yes&quot;,&quot;autoplay_speed&quot;:5000,&quot;infinite&quot;:&quot;yes&quot;,&quot;effect&quot;:&quot;slide&quot;,&quot;speed&quot;:500}\" data-widget_type=\"image-carousel.default\">\n\t\t\t\t\t\t\t<div class=\"elementor-image-carousel-wrapper swiper\" role=\"region\" aria-roledescription=\"carousel\" aria-label=\"Carosello d&#039;immagini\" dir=\"ltr\">\n\t\t\t<div class=\"elementor-image-carousel swiper-wrapper\" aria-live=\"off\">\n\t\t\t\t\t\t\t\t<div class=\"swiper-slide\" role=\"group\" aria-roledescription=\"slide\" aria-label=\"1 sur 6\"><a data-elementor-open-lightbox=\"yes\" data-elementor-lightbox-slideshow=\"f5ccc95\" data-e-action-hash=\"#elementor-action%3Aaction%3Dlightbox%26settings%3DeyJpZCI6MjQ4NiwidXJsIjoiaHR0cHM6XC9cL21hc3NlbnphLml0XC93cC1jb250ZW50XC91cGxvYWRzXC8yMDI1XC8wOVwvdGhlcm1vYm94XzEud2VicCIsInNsaWRlc2hvdyI6ImY1Y2NjOTUifQ%3D%3D\" href=\"https:\/\/massenza.it\/wp-content\/uploads\/2025\/09\/thermobox_1.webp\"><figure class=\"swiper-slide-inner\"><img decoding=\"async\" class=\"swiper-slide-image\" src=\"https:\/\/massenza.it\/wp-content\/uploads\/2025\/09\/thermobox_1.webp\" alt=\"Thermobox\" \/><\/figure><\/a><\/div><div class=\"swiper-slide\" role=\"group\" aria-roledescription=\"slide\" aria-label=\"2 sur 6\"><a data-elementor-open-lightbox=\"yes\" data-elementor-lightbox-slideshow=\"f5ccc95\" data-e-action-hash=\"#elementor-action%3Aaction%3Dlightbox%26settings%3DeyJpZCI6MjQ4NywidXJsIjoiaHR0cHM6XC9cL21hc3NlbnphLml0XC93cC1jb250ZW50XC91cGxvYWRzXC8yMDI1XC8wOVwvdGhlcm1vYm94XzIud2VicCIsInNsaWRlc2hvdyI6ImY1Y2NjOTUifQ%3D%3D\" href=\"https:\/\/massenza.it\/wp-content\/uploads\/2025\/09\/thermobox_2.webp\"><figure class=\"swiper-slide-inner\"><img decoding=\"async\" class=\"swiper-slide-image\" src=\"https:\/\/massenza.it\/wp-content\/uploads\/2025\/09\/thermobox_2.webp\" alt=\"Thermobox\" \/><\/figure><\/a><\/div><div class=\"swiper-slide\" role=\"group\" aria-roledescription=\"slide\" aria-label=\"3 sur 6\"><a data-elementor-open-lightbox=\"yes\" data-elementor-lightbox-slideshow=\"f5ccc95\" data-e-action-hash=\"#elementor-action%3Aaction%3Dlightbox%26settings%3DeyJpZCI6MjQ4OCwidXJsIjoiaHR0cHM6XC9cL21hc3NlbnphLml0XC93cC1jb250ZW50XC91cGxvYWRzXC8yMDI1XC8wOVwvdGhlcm1vYm94XzMud2VicCIsInNsaWRlc2hvdyI6ImY1Y2NjOTUifQ%3D%3D\" href=\"https:\/\/massenza.it\/wp-content\/uploads\/2025\/09\/thermobox_3.webp\"><figure class=\"swiper-slide-inner\"><img decoding=\"async\" class=\"swiper-slide-image\" src=\"https:\/\/massenza.it\/wp-content\/uploads\/2025\/09\/thermobox_3.webp\" alt=\"Thermobox\" \/><\/figure><\/a><\/div><div class=\"swiper-slide\" role=\"group\" aria-roledescription=\"slide\" aria-label=\"4 sur 6\"><a data-elementor-open-lightbox=\"yes\" data-elementor-lightbox-slideshow=\"f5ccc95\" data-e-action-hash=\"#elementor-action%3Aaction%3Dlightbox%26settings%3DeyJpZCI6MjQ4OSwidXJsIjoiaHR0cHM6XC9cL21hc3NlbnphLml0XC93cC1jb250ZW50XC91cGxvYWRzXC8yMDI1XC8wOVwvdGhlcm1vYm94XzQud2VicCIsInNsaWRlc2hvdyI6ImY1Y2NjOTUifQ%3D%3D\" href=\"https:\/\/massenza.it\/wp-content\/uploads\/2025\/09\/thermobox_4.webp\"><figure class=\"swiper-slide-inner\"><img decoding=\"async\" class=\"swiper-slide-image\" src=\"https:\/\/massenza.it\/wp-content\/uploads\/2025\/09\/thermobox_4.webp\" alt=\"Thermobox\" \/><\/figure><\/a><\/div><div class=\"swiper-slide\" role=\"group\" aria-roledescription=\"slide\" aria-label=\"5 sur 6\"><a data-elementor-open-lightbox=\"yes\" data-elementor-lightbox-slideshow=\"f5ccc95\" data-e-action-hash=\"#elementor-action%3Aaction%3Dlightbox%26settings%3DeyJpZCI6MjQ5MCwidXJsIjoiaHR0cHM6XC9cL21hc3NlbnphLml0XC93cC1jb250ZW50XC91cGxvYWRzXC8yMDI1XC8wOVwvdGhlcm1vYm94XzUud2VicCIsInNsaWRlc2hvdyI6ImY1Y2NjOTUifQ%3D%3D\" href=\"https:\/\/massenza.it\/wp-content\/uploads\/2025\/09\/thermobox_5.webp\"><figure class=\"swiper-slide-inner\"><img decoding=\"async\" class=\"swiper-slide-image\" src=\"https:\/\/massenza.it\/wp-content\/uploads\/2025\/09\/thermobox_5.webp\" alt=\"Thermobox\" \/><\/figure><\/a><\/div><div class=\"swiper-slide\" role=\"group\" aria-roledescription=\"slide\" aria-label=\"6 sur 6\"><a data-elementor-open-lightbox=\"yes\" data-elementor-lightbox-slideshow=\"f5ccc95\" data-e-action-hash=\"#elementor-action%3Aaction%3Dlightbox%26settings%3DeyJpZCI6MjQ5MSwidXJsIjoiaHR0cHM6XC9cL21hc3NlbnphLml0XC93cC1jb250ZW50XC91cGxvYWRzXC8yMDI1XC8wOVwvdGhlcm1vYm94XzYud2VicCIsInNsaWRlc2hvdyI6ImY1Y2NjOTUifQ%3D%3D\" href=\"https:\/\/massenza.it\/wp-content\/uploads\/2025\/09\/thermobox_6.webp\"><figure class=\"swiper-slide-inner\"><img decoding=\"async\" class=\"swiper-slide-image\" src=\"https:\/\/massenza.it\/wp-content\/uploads\/2025\/09\/thermobox_6.webp\" alt=\"Thermobox\" \/><\/figure><\/a><\/div>\t\t\t<\/div>\n\t\t\t\t\t\t\t\t\t\t\t\t<div class=\"elementor-swiper-button elementor-swiper-button-prev\" role=\"button\" tabindex=\"0\">\n\t\t\t\t\t\t<svg aria-hidden=\"true\" class=\"e-font-icon-svg e-eicon-chevron-left\" viewBox=\"0 0 1000 1000\" xmlns=\"http:\/\/www.w3.org\/2000\/svg\"><path d=\"M646 125C629 125 613 133 604 142L308 442C296 454 292 471 292 487 292 504 296 521 308 533L604 854C617 867 629 875 646 875 663 875 679 871 692 858 704 846 713 829 713 812 713 796 708 779 692 767L438 487 692 225C700 217 708 204 708 187 708 171 704 154 692 142 675 129 663 125 646 125Z\"><\/path><\/svg>\t\t\t\t\t<\/div>\n\t\t\t\t\t<div class=\"elementor-swiper-button elementor-swiper-button-next\" role=\"button\" tabindex=\"0\">\n\t\t\t\t\t\t<svg aria-hidden=\"true\" class=\"e-font-icon-svg e-eicon-chevron-right\" viewBox=\"0 0 1000 1000\" xmlns=\"http:\/\/www.w3.org\/2000\/svg\"><path d=\"M696 533C708 521 713 504 713 487 713 471 708 454 696 446L400 146C388 133 375 125 354 125 338 125 325 129 313 142 300 154 292 171 292 187 292 204 296 221 308 233L563 492 304 771C292 783 288 800 288 817 288 833 296 850 308 863 321 871 338 875 354 875 371 875 388 867 400 854L696 533Z\"><\/path><\/svg>\t\t\t\t\t<\/div>\n\t\t\t\t\n\t\t\t\t\t\t\t\t\t<div class=\"swiper-pagination\"><\/div>\n\t\t\t\t\t\t\t\t\t<\/div>\n\t\t\t\t\t\t<\/div>\n\t\t\t\t<\/div>\n\t\t\t\t\t<\/div>\n\t\t\t\t<\/div>\n\t\t<div class=\"elementor-element elementor-element-bbba547 e-flex e-con-boxed e-con e-parent\" data-id=\"bbba547\" data-element_type=\"container\" data-e-type=\"container\" data-settings=\"{&quot;background_background&quot;:&quot;classic&quot;}\">\n\t\t\t\t\t<div class=\"e-con-inner\">\n\t\t\t\t<div class=\"elementor-element elementor-element-5c4db5c0 animated-fast elementor-invisible elementor-widget elementor-widget-heading\" data-id=\"5c4db5c0\" data-element_type=\"widget\" data-e-type=\"widget\" data-settings=\"{&quot;_animation&quot;:&quot;slideInDown&quot;,&quot;_animation_delay&quot;:600}\" data-widget_type=\"heading.default\">\n\t\t\t\t\t<h2 class=\"elementor-heading-title elementor-size-default\">Fiche Technique<\/h2>\t\t\t\t<\/div>\n\t\t\t\t\t<\/div>\n\t\t\t\t<\/div>\n\t\t<div class=\"elementor-element elementor-element-84ccb21 e-flex e-con-boxed elementor-invisible e-con e-parent\" data-id=\"84ccb21\" data-element_type=\"container\" data-e-type=\"container\" data-settings=\"{&quot;animation&quot;:&quot;bounceIn&quot;,&quot;animation_delay&quot;:300}\">\n\t\t\t\t\t<div class=\"e-con-inner\">\n\t\t\t\t<div class=\"elementor-element elementor-element-e877d26 elementor-widget elementor-widget-heading\" data-id=\"e877d26\" data-element_type=\"widget\" data-e-type=\"widget\" data-widget_type=\"heading.default\">\n\t\t\t\t\t<h5 class=\"elementor-heading-title elementor-size-default\">For more videos and insights about our machinery<\/h5>\t\t\t\t<\/div>\n\t\t\t\t<div class=\"elementor-element elementor-element-4293e67 elementor-widget elementor-widget-heading\" data-id=\"4293e67\" data-element_type=\"widget\" data-e-type=\"widget\" data-widget_type=\"heading.default\">\n\t\t\t\t\t<h2 class=\"elementor-heading-title elementor-size-default\">Visitez notre cha\u00eene YouTube !<\/h2>\t\t\t\t<\/div>\n\t\t\t\t<div class=\"elementor-element elementor-element-fa25385 elementor-align-center elementor-widget elementor-widget-button\" data-id=\"fa25385\" data-element_type=\"widget\" data-e-type=\"widget\" data-widget_type=\"button.default\">\n\t\t\t\t\t\t\t\t\t\t<a class=\"elementor-button elementor-button-link elementor-size-sm\" href=\"https:\/\/www.youtube.com\/@MassenzaSrl\" target=\"_blank\" rel=\"noopener\">\n\t\t\t\t\t\t<span class=\"elementor-button-content-wrapper\">\n\t\t\t\t\t\t<span class=\"elementor-button-icon\">\n\t\t\t\t<svg aria-hidden=\"true\" class=\"e-font-icon-svg e-fas-arrow-circle-right\" viewBox=\"0 0 512 512\" xmlns=\"http:\/\/www.w3.org\/2000\/svg\"><path d=\"M256 8c137 0 248 111 248 248S393 504 256 504 8 393 8 256 119 8 256 8zm-28.9 143.6l75.5 72.4H120c-13.3 0-24 10.7-24 24v16c0 13.3 10.7 24 24 24h182.6l-75.5 72.4c-9.7 9.3-9.9 24.8-.4 34.3l11 10.9c9.4 9.4 24.6 9.4 33.9 0L404.3 273c9.4-9.4 9.4-24.6 0-33.9L271.6 106.3c-9.4-9.4-24.6-9.4-33.9 0l-11 10.9c-9.5 9.6-9.3 25.1.4 34.4z\"><\/path><\/svg>\t\t\t<\/span>\n\t\t\t\t\t\t\t\t\t<span class=\"elementor-button-text\">Voir les d\u00e9tails<\/span>\n\t\t\t\t\t<\/span>\n\t\t\t\t\t<\/a>\n\t\t\t\t\t\t\t\t<\/div>\n\t\t\t\t\t<\/div>\n\t\t\t\t<\/div>\n\t\t<div class=\"elementor-element elementor-element-2c578f75 e-con-full e-flex elementor-invisible e-con e-parent\" data-id=\"2c578f75\" data-element_type=\"container\" data-e-type=\"container\" data-settings=\"{&quot;animation&quot;:&quot;fadeIn&quot;,&quot;animation_delay&quot;:300}\">\n\t\t<div class=\"elementor-element elementor-element-351f1cd8 e-con-full e-flex e-con e-child\" data-id=\"351f1cd8\" data-element_type=\"container\" data-e-type=\"container\" data-settings=\"{&quot;background_background&quot;:&quot;classic&quot;}\">\n\t\t\t\t<\/div>\n\t\t<div class=\"elementor-element elementor-element-4213a5b4 e-con-full e-flex e-con e-child\" data-id=\"4213a5b4\" data-element_type=\"container\" data-e-type=\"container\" data-settings=\"{&quot;background_background&quot;:&quot;classic&quot;}\">\n\t\t\t\t<div class=\"elementor-element elementor-element-32861f64 animated-fast elementor-invisible elementor-widget elementor-widget-heading\" data-id=\"32861f64\" data-element_type=\"widget\" data-e-type=\"widget\" data-settings=\"{&quot;_animation&quot;:&quot;slideInRight&quot;,&quot;_animation_delay&quot;:600}\" data-widget_type=\"heading.default\">\n\t\t\t\t\t<h2 class=\"elementor-heading-title elementor-size-default\">Soumettez votre demande<\/h2>\t\t\t\t<\/div>\n\t\t\t\t<div class=\"elementor-element elementor-element-380af1ad elementor-invisible elementor-widget elementor-widget-text-editor\" data-id=\"380af1ad\" data-element_type=\"widget\" data-e-type=\"widget\" data-settings=\"{&quot;_animation&quot;:&quot;slideInRight&quot;,&quot;_animation_delay&quot;:600}\" data-widget_type=\"text-editor.default\">\n\t\t\t\t\t\t\t\t\t<div class=\"rich-text white animation-fade delay04 animate-element\"><p>Nous vous avons convaincu? Si vous avez besoin d&rsquo;un suppl\u00e9ment d&rsquo;informations ou d&rsquo;un devis pour votre prochaine machine, merci de remplir et d&rsquo;envoyer le formulaire ci-dessous.<br>Notre \u00e9quipe commerciale vous contactera dans les plus brefs d\u00e9lais pour r\u00e9pondre \u00e0 vos questions. <\/p><\/div>\t\t\t\t\t\t\t\t<\/div>\n\t\t\t\t<div class=\"elementor-element elementor-element-354a5805 elementor-invisible elementor-widget elementor-widget-button\" data-id=\"354a5805\" data-element_type=\"widget\" data-e-type=\"widget\" data-settings=\"{&quot;_animation&quot;:&quot;slideInUp&quot;,&quot;_animation_delay&quot;:600}\" data-widget_type=\"button.default\">\n\t\t\t\t\t\t\t\t\t\t<a class=\"elementor-button elementor-button-link elementor-size-sm\" href=\"https:\/\/massenza.it\/fr\/contacts\/\">\n\t\t\t\t\t\t<span class=\"elementor-button-content-wrapper\">\n\t\t\t\t\t\t<span class=\"elementor-button-icon\">\n\t\t\t\t<svg aria-hidden=\"true\" class=\"e-font-icon-svg e-fas-arrow-circle-right\" viewBox=\"0 0 512 512\" xmlns=\"http:\/\/www.w3.org\/2000\/svg\"><path d=\"M256 8c137 0 248 111 248 248S393 504 256 504 8 393 8 256 119 8 256 8zm-28.9 143.6l75.5 72.4H120c-13.3 0-24 10.7-24 24v16c0 13.3 10.7 24 24 24h182.6l-75.5 72.4c-9.7 9.3-9.9 24.8-.4 34.3l11 10.9c9.4 9.4 24.6 9.4 33.9 0L404.3 273c9.4-9.4 9.4-24.6 0-33.9L271.6 106.3c-9.4-9.4-24.6-9.4-33.9 0l-11 10.9c-9.5 9.6-9.3 25.1.4 34.4z\"><\/path><\/svg>\t\t\t<\/span>\n\t\t\t\t\t\t\t\t\t<span class=\"elementor-button-text\">Contactez-nous maintenant<\/span>\n\t\t\t\t\t<\/span>\n\t\t\t\t\t<\/a>\n\t\t\t\t\t\t\t\t<\/div>\n\t\t\t\t<div class=\"elementor-element elementor-element-2758acaf elementor-absolute posizione-overflow elementor-widget elementor-widget-image\" data-id=\"2758acaf\" data-element_type=\"widget\" data-e-type=\"widget\" data-settings=\"{&quot;_position&quot;:&quot;absolute&quot;}\" data-widget_type=\"image.default\">\n\t\t\t\t\t\t\t\t\t\t\t\t\t\t\t<img fetchpriority=\"high\" decoding=\"async\" width=\"287\" height=\"286\" src=\"https:\/\/massenza.it\/wp-content\/uploads\/2025\/09\/spatola.svg\" class=\"attachment-full size-full wp-image-1916\" alt=\"\" \/>\t\t\t\t\t\t\t\t\t\t\t\t\t\t\t<\/div>\n\t\t\t\t<\/div>\n\t\t\t\t<\/div>\n\t\t\t\t<\/div>\n\t\t","protected":false},"excerpt":{"rendered":"<p>BITUME Thermobox Home Aper\u00e7u Le probl\u00e8me fondamental \u00e0 affronter lors des travaux de r\u00e9paration des routes consiste \u00e0 maintenir suffisamment chaud l&rsquo;enrob\u00e9 bitumineux pour pouvoir le compacter de mani\u00e8re optimale; sans un bon compactage, l&rsquo;efficacit\u00e9 de la r\u00e9paration est consid\u00e9rablement r\u00e9duite. Avec THERMOBOX, l&rsquo;\u00e9pandage du l\u2019enrob\u00e9 bitumineux est une op\u00e9ration simple et efficace. Notre \u00e9quipement [&hellip;]<\/p>\n","protected":false},"author":1,"featured_media":0,"parent":2011,"menu_order":0,"comment_status":"closed","ping_status":"closed","template":"","meta":{"_acf_changed":false,"footnotes":""},"class_list":["post-2492","page","type-page","status-publish","hentry"],"acf":[],"_links":{"self":[{"href":"https:\/\/massenza.it\/fr\/wp-json\/wp\/v2\/pages\/2492","targetHints":{"allow":["GET"]}}],"collection":[{"href":"https:\/\/massenza.it\/fr\/wp-json\/wp\/v2\/pages"}],"about":[{"href":"https:\/\/massenza.it\/fr\/wp-json\/wp\/v2\/types\/page"}],"author":[{"embeddable":true,"href":"https:\/\/massenza.it\/fr\/wp-json\/wp\/v2\/users\/1"}],"replies":[{"embeddable":true,"href":"https:\/\/massenza.it\/fr\/wp-json\/wp\/v2\/comments?post=2492"}],"version-history":[{"count":3,"href":"https:\/\/massenza.it\/fr\/wp-json\/wp\/v2\/pages\/2492\/revisions"}],"predecessor-version":[{"id":2988,"href":"https:\/\/massenza.it\/fr\/wp-json\/wp\/v2\/pages\/2492\/revisions\/2988"}],"up":[{"embeddable":true,"href":"https:\/\/massenza.it\/fr\/wp-json\/wp\/v2\/pages\/2011"}],"wp:attachment":[{"href":"https:\/\/massenza.it\/fr\/wp-json\/wp\/v2\/media?parent=2492"}],"curies":[{"name":"wp","href":"https:\/\/api.w.org\/{rel}","templated":true}]}}