{"id":161,"date":"2025-09-03T17:04:40","date_gmt":"2025-09-03T15:04:40","guid":{"rendered":"https:\/\/massenza.it\/?page_id=161"},"modified":"2025-10-06T14:57:07","modified_gmt":"2025-10-06T12:57:07","slug":"azienda","status":"publish","type":"page","link":"https:\/\/massenza.it\/it\/azienda\/","title":{"rendered":"Azienda"},"content":{"rendered":"\t\t<div data-elementor-type=\"wp-page\" data-elementor-id=\"161\" class=\"elementor elementor-161\" data-elementor-post-type=\"page\">\n\t\t\t\t<div class=\"elementor-element elementor-element-3d7e87f e-flex e-con-boxed e-con e-parent\" data-id=\"3d7e87f\" data-element_type=\"container\" data-e-type=\"container\" data-settings=\"{&quot;background_background&quot;:&quot;classic&quot;}\">\n\t\t\t\t\t<div class=\"e-con-inner\">\n\t\t<div class=\"elementor-element elementor-element-d043504 e-con-full e-flex e-con e-child\" data-id=\"d043504\" data-element_type=\"container\" data-e-type=\"container\">\n\t\t\t\t<div class=\"elementor-element elementor-element-b21babd elementor-widget__width-initial animated-fast elementor-invisible elementor-widget elementor-widget-heading\" data-id=\"b21babd\" data-element_type=\"widget\" data-e-type=\"widget\" data-settings=\"{&quot;_animation&quot;:&quot;slideInDown&quot;,&quot;_animation_delay&quot;:300}\" data-widget_type=\"heading.default\">\n\t\t\t\t\t<h1 class=\"elementor-heading-title elementor-size-default\">Chi siamo e cosa facciamo<\/h1>\t\t\t\t<\/div>\n\t\t\t\t<\/div>\n\t\t\t\t\t<\/div>\n\t\t\t\t<\/div>\n\t\t<div class=\"elementor-element elementor-element-4b390ca e-flex e-con-boxed e-con e-parent\" data-id=\"4b390ca\" data-element_type=\"container\" data-e-type=\"container\" data-settings=\"{&quot;background_background&quot;:&quot;classic&quot;}\">\n\t\t\t\t\t<div class=\"e-con-inner\">\n\t\t\t\t<div class=\"elementor-element elementor-element-15fedc6 breadcrumbs-box elementor-widget elementor-widget-hfe-breadcrumbs-widget\" data-id=\"15fedc6\" data-element_type=\"widget\" data-e-type=\"widget\" data-widget_type=\"hfe-breadcrumbs-widget.default\">\n\t\t\t\t<div class=\"elementor-widget-container\">\n\t\t\t\t\t<nav aria-label=\"Breadcrumb\"><ul class=\"hfe-breadcrumbs hfe-breadcrumbs-show-home\"><li class=\"hfe-breadcrumbs-item hfe-breadcrumbs-first\"><span class=\"hfe-breadcrumbs-home-icon\"><\/span><a href=\"https:\/\/massenza.it\/it\/\"><span class=\"hfe-breadcrumbs-text\">Home<\/span><\/a><\/li><\/ul><\/nav>\t\t\t\t<\/div>\n\t\t\t\t<\/div>\n\t\t\t\t\t<\/div>\n\t\t\t\t<\/div>\n\t\t<div class=\"elementor-element elementor-element-62a32f7 e-flex e-con-boxed e-con e-parent\" data-id=\"62a32f7\" data-element_type=\"container\" data-e-type=\"container\" data-settings=\"{&quot;background_background&quot;:&quot;classic&quot;}\">\n\t\t\t\t\t<div class=\"e-con-inner\">\n\t\t<div class=\"elementor-element elementor-element-730fb83 e-con-full e-flex elementor-invisible e-con e-child\" data-id=\"730fb83\" data-element_type=\"container\" data-e-type=\"container\" data-settings=\"{&quot;animation&quot;:&quot;slideInLeft&quot;,&quot;animation_delay&quot;:300}\">\n\t\t\t\t<div class=\"elementor-element elementor-element-c93cd81 elementor-widget elementor-widget-heading\" data-id=\"c93cd81\" data-element_type=\"widget\" data-e-type=\"widget\" data-widget_type=\"heading.default\">\n\t\t\t\t\t<h2 class=\"elementor-heading-title elementor-size-default\">La nostra storia<\/h2>\t\t\t\t<\/div>\n\t\t\t\t<div class=\"elementor-element elementor-element-7452ea3 elementor-widget elementor-widget-text-editor\" data-id=\"7452ea3\" data-element_type=\"widget\" data-e-type=\"widget\" data-widget_type=\"text-editor.default\">\n\t\t\t\t\t\t\t\t\t<div class=\"rich-text animation-fade delay04 animate-element\"><p>Siamo nati prima dell\u2019inizio della Seconda Guerra Mondiale. Fin da subito, abbiamo collaborato con le maggiori societ\u00e0 petrolifere dell\u2019epoca &#8211; Esso, Shell e altre &#8211; per la fornitura di <a title=\"Serbatoi di stoccaggio orizzontali\" href=\"https:\/\/massenza.it\/it\/macchine\/bitume\/serbatoi-di-stoccaggio-orizzontali\/\"><strong>serbatoi orizzontali di stoccaggio del bitume<\/strong><\/a> accoppiati a <a title=\"Caldaie oleotermiche\" href=\"https:\/\/massenza.it\/it\/macchine\/bitume\/caldaie-oleotermiche\/\"><strong>caldaia oleotermica<\/strong><\/a> &#8211; i cosiddetti \u201cpunti caldi\u201d.<\/p><p>Nei decenni successivi, ci siamo focalizzati su <a title=\"Bitume\" href=\"https:\/\/massenza.it\/it\/macchine\/bitume\/\"><strong>impianti per il trattamento del bitume<\/strong><\/a>, scelta che ci ha permesso di migliorare le nostre tecnologie e di ampliare la gamma di prodotti e il numero di clienti, fino a includere rivenditori di prodotti petroliferi e imprese di costruzioni stradali.<\/p><\/div>\t\t\t\t\t\t\t\t<\/div>\n\t\t\t\t<\/div>\n\t\t<div class=\"elementor-element elementor-element-a629e02 e-con-full e-flex e-con e-child\" data-id=\"a629e02\" data-element_type=\"container\" data-e-type=\"container\">\n\t\t\t\t<div class=\"elementor-element elementor-element-21b13ec elementor-invisible elementor-widget elementor-widget-image\" data-id=\"21b13ec\" data-element_type=\"widget\" data-e-type=\"widget\" data-settings=\"{&quot;_animation&quot;:&quot;zoomInRight&quot;,&quot;_animation_delay&quot;:300}\" data-widget_type=\"image.default\">\n\t\t\t\t\t\t\t\t\t\t\t\t\t\t\t<img fetchpriority=\"high\" decoding=\"async\" width=\"700\" height=\"564\" src=\"https:\/\/massenza.it\/wp-content\/uploads\/2025\/09\/la-nostra-storia.webp\" class=\"attachment-full size-full wp-image-165\" alt=\"\" srcset=\"https:\/\/massenza.it\/wp-content\/uploads\/2025\/09\/la-nostra-storia.webp 700w, https:\/\/massenza.it\/wp-content\/uploads\/2025\/09\/la-nostra-storia-300x242.webp 300w\" sizes=\"(max-width: 700px) 100vw, 700px\" \/>\t\t\t\t\t\t\t\t\t\t\t\t\t\t\t<\/div>\n\t\t\t\t<\/div>\n\t\t\t\t\t<\/div>\n\t\t\t\t<\/div>\n\t\t<div class=\"elementor-element elementor-element-e857495 e-flex e-con-boxed e-con e-parent\" data-id=\"e857495\" data-element_type=\"container\" data-e-type=\"container\">\n\t\t\t\t\t<div class=\"e-con-inner\">\n\t\t\t\t<div class=\"elementor-element elementor-element-c5603e5 animated-fast elementor-invisible elementor-widget elementor-widget-heading\" data-id=\"c5603e5\" data-element_type=\"widget\" data-e-type=\"widget\" data-settings=\"{&quot;_animation&quot;:&quot;fadeInDown&quot;}\" data-widget_type=\"heading.default\">\n\t\t\t\t\t<h4 class=\"elementor-heading-title elementor-size-default\">Anni Cinquanta<\/h4>\t\t\t\t<\/div>\n\t\t\t\t<div class=\"elementor-element elementor-element-ad8716d elementor-invisible elementor-widget elementor-widget-text-editor\" data-id=\"ad8716d\" data-element_type=\"widget\" data-e-type=\"widget\" data-settings=\"{&quot;_animation&quot;:&quot;slideInLeft&quot;,&quot;_animation_delay&quot;:200}\" data-widget_type=\"text-editor.default\">\n\t\t\t\t\t\t\t\t\t<div class=\"rich-text animation-fade delay04 animate-element\"><p>In questo decennio, abbiamo progettato e realizzato:<\/p><ul><li><a title=\"Macchine per emulsione bituminosa\" href=\"https:\/\/massenza.it\/it\/macchine\/bitume\/macchine-per-emulsione-bituminosa\/\"><strong>impianti per la produzione di emulsione bituminosa<\/strong><\/a>;<\/li><li><a title=\"Impianti di bitume flussato (cut-back)\" href=\"https:\/\/massenza.it\/it\/macchine\/bitume\/impianti-di-bitume-flussato\/\"><strong>impianti per la produzione di bitume flussato (cut-back)<\/strong><\/a>;<\/li><li><a title=\"Cisterne spruzzatrici\" href=\"https:\/\/massenza.it\/it\/macchine\/bitume\/cisterne-spruzzatrici\/\"><strong>cisterne per lo spruzzaggio di emulsione e bitume<\/strong><\/a>.<\/li><\/ul><\/div>\t\t\t\t\t\t\t\t<\/div>\n\t\t\t\t<div class=\"elementor-element elementor-element-c066774 elementor-invisible elementor-widget elementor-widget-heading\" data-id=\"c066774\" data-element_type=\"widget\" data-e-type=\"widget\" data-settings=\"{&quot;_animation&quot;:&quot;fadeInDown&quot;,&quot;_animation_delay&quot;:300}\" data-widget_type=\"heading.default\">\n\t\t\t\t\t<h4 class=\"elementor-heading-title elementor-size-default\">Anni Sessanta<\/h4>\t\t\t\t<\/div>\n\t\t\t\t<div class=\"elementor-element elementor-element-42a4b7f elementor-invisible elementor-widget elementor-widget-text-editor\" data-id=\"42a4b7f\" data-element_type=\"widget\" data-e-type=\"widget\" data-settings=\"{&quot;_animation&quot;:&quot;slideInLeft&quot;,&quot;_animation_delay&quot;:400}\" data-widget_type=\"text-editor.default\">\n\t\t\t\t\t\t\t\t\t<p>Abbiamo costruito il primo impianto per la produzione di <a title=\"Macchine per bitume modificato\" href=\"https:\/\/massenza.it\/it\/macchine\/bitume\/macchine-per-bitume-modificato\/\"><strong>bitume modificato con polimeri<\/strong><\/a>, ancora oggi il nostro &#8220;fiore all\u2019occhiello&#8221;.<\/p>\t\t\t\t\t\t\t\t<\/div>\n\t\t\t\t<div class=\"elementor-element elementor-element-8b9159b elementor-invisible elementor-widget elementor-widget-heading\" data-id=\"8b9159b\" data-element_type=\"widget\" data-e-type=\"widget\" data-settings=\"{&quot;_animation&quot;:&quot;slideInDown&quot;,&quot;_animation_delay&quot;:500}\" data-widget_type=\"heading.default\">\n\t\t\t\t\t<h4 class=\"elementor-heading-title elementor-size-default\">Anni Settanta<\/h4>\t\t\t\t<\/div>\n\t\t\t\t<div class=\"elementor-element elementor-element-10a3909 elementor-invisible elementor-widget elementor-widget-text-editor\" data-id=\"10a3909\" data-element_type=\"widget\" data-e-type=\"widget\" data-settings=\"{&quot;_animation&quot;:&quot;slideInLeft&quot;,&quot;_animation_delay&quot;:600}\" data-widget_type=\"text-editor.default\">\n\t\t\t\t\t\t\t\t\t<p>All\u2019inizio del decennio, abbiamo sviluppato la nostra seconda linea di prodotti: le macchine a casseformi scorrevoli per la <a title=\"Calcestruzzo\" href=\"https:\/\/massenza.it\/it\/macchine\/calcestruzzo\/\"><strong>posa in opera del calcestruzzo<\/strong><\/a>.<br \/>Nei decenni successivi, ci siamo specializzati nelle <a title=\"Pavimentatrici per canali\" href=\"https:\/\/massenza.it\/it\/macchine\/calcestruzzo\/pavimentatrici-per-canali\/\"><strong>macchine per la pavimentazione in calcestruzzo dei canali<\/strong><\/a>, fino a diventare i leader di questo mercato.<\/p>\t\t\t\t\t\t\t\t<\/div>\n\t\t\t\t<div class=\"elementor-element elementor-element-e321011 elementor-invisible elementor-widget elementor-widget-heading\" data-id=\"e321011\" data-element_type=\"widget\" data-e-type=\"widget\" data-settings=\"{&quot;_animation&quot;:&quot;slideInDown&quot;,&quot;_animation_delay&quot;:700}\" data-widget_type=\"heading.default\">\n\t\t\t\t\t<h4 class=\"elementor-heading-title elementor-size-default\">Oggi<\/h4>\t\t\t\t<\/div>\n\t\t\t\t<div class=\"elementor-element elementor-element-d3d4c4b elementor-invisible elementor-widget elementor-widget-text-editor\" data-id=\"d3d4c4b\" data-element_type=\"widget\" data-e-type=\"widget\" data-settings=\"{&quot;_animation&quot;:&quot;slideInLeft&quot;,&quot;_animation_delay&quot;:800}\" data-widget_type=\"text-editor.default\">\n\t\t\t\t\t\t\t\t\t<p>La crescita della nostra azienda \u00e8 continuata senza sosta. Oggi, con le nostre macchine, siamo presenti in oltre 100 Paesi del mondo.<br \/>In pi\u00f9, siamo impegnati nella ricerca e nello sviluppo di nuove soluzioni per la manutenzione stradale &#8211; continuiamo a testare con successo nuovi &#8220;prototipi&#8221;.<\/p>\t\t\t\t\t\t\t\t<\/div>\n\t\t\t\t\t<\/div>\n\t\t\t\t<\/div>\n\t\t<div class=\"elementor-element elementor-element-b733574 e-con-full e-flex e-con e-parent\" data-id=\"b733574\" data-element_type=\"container\" data-e-type=\"container\" data-settings=\"{&quot;background_background&quot;:&quot;classic&quot;}\">\n\t\t<div class=\"elementor-element elementor-element-192c0ef e-con-full e-flex elementor-invisible e-con e-child\" data-id=\"192c0ef\" data-element_type=\"container\" data-e-type=\"container\" data-settings=\"{&quot;background_background&quot;:&quot;classic&quot;,&quot;animation&quot;:&quot;fadeIn&quot;,&quot;animation_delay&quot;:600}\">\n\t\t\t\t<\/div>\n\t\t<div class=\"elementor-element elementor-element-d708a36 e-con-full e-flex elementor-invisible e-con e-child\" data-id=\"d708a36\" data-element_type=\"container\" data-e-type=\"container\" data-settings=\"{&quot;animation&quot;:&quot;slideInRight&quot;,&quot;animation_delay&quot;:800}\">\n\t\t\t\t<div class=\"elementor-element elementor-element-b192a79 elementor-widget elementor-widget-heading\" data-id=\"b192a79\" data-element_type=\"widget\" data-e-type=\"widget\" data-widget_type=\"heading.default\">\n\t\t\t\t\t<h2 class=\"elementor-heading-title elementor-size-default\">Made in Italy<\/h2>\t\t\t\t<\/div>\n\t\t\t\t<div class=\"elementor-element elementor-element-88f10bb elementor-widget elementor-widget-text-editor\" data-id=\"88f10bb\" data-element_type=\"widget\" data-e-type=\"widget\" data-widget_type=\"text-editor.default\">\n\t\t\t\t\t\t\t\t\t<div class=\"rich-text white animation-fade delay04 animate-element\"><p>Con oltre 80 anni di esperienza, la nostra impresa \u00e8 un\u2019esponente di punta del \u201cMade In Italy\u201d nel mondo.<br \/>Questo successo \u00e8 frutto della professionalit\u00e0 e della passione che tutti i nostri collaboratori hanno sempre mostrato negli anni: questo ha reso possibile un continuo miglioramento della qualit\u00e0 e dell\u2019affidabilit\u00e0 delle nostre macchine.<\/p><p>\u00a0<\/p><p>L\u2019azienda nasce a conduzione familiare ed \u00e8 cresciuta grazie all\u2019impegno di quattro generazioni. L\u2019inserimento di alcuni soci collaboratori, oltre a fornire nuovo impulso allo sviluppo delle attivit\u00e0, ha contribuito a tener vivo lo storico spirito di dedizione.<\/p><\/div>\t\t\t\t\t\t\t\t<\/div>\n\t\t\t\t<div class=\"elementor-element elementor-element-1067f32 elementor-widget elementor-widget-heading\" data-id=\"1067f32\" data-element_type=\"widget\" data-e-type=\"widget\" data-widget_type=\"heading.default\">\n\t\t\t\t\t<h2 class=\"elementor-heading-title elementor-size-default\">Il tuo partner per la qualit\u00e0<\/h2>\t\t\t\t<\/div>\n\t\t\t\t<div class=\"elementor-element elementor-element-ff54eb8 elementor-widget elementor-widget-text-editor\" data-id=\"ff54eb8\" data-element_type=\"widget\" data-e-type=\"widget\" data-widget_type=\"text-editor.default\">\n\t\t\t\t\t\t\t\t\t<div class=\"rich-text white animation-fade delay08 animate-element\"><p>Lavoriamo sempre per puntare a elevati standard qualitativi. Il nostro obiettivo pi\u00f9 importante? Collaborare con clienti soddisfatti, che ci hanno scelti e ci hanno confermato la loro fiducia giorno dopo giorno. Per questo motivo la nostra \u00e8 una continua ricerca dell\u2019eccellenza.<\/p><p>\u00a0<\/p><p>A conferma di questo, contiamo da tempo su un sistema di gestione della qualit\u00e0 con certificazione ISO 9001:2015 per l\u2019intera gamma dei nostri prodotti.<br \/>La continua crescita dei clienti internazionali e la loro fidelizzazione \u00e8 la prova tangibile del successo delle nostre scelte.<\/p><\/div>\t\t\t\t\t\t\t\t<\/div>\n\t\t\t\t<\/div>\n\t\t\t\t<\/div>\n\t\t<div class=\"elementor-element elementor-element-b97a037 e-flex e-con-boxed e-con e-parent\" data-id=\"b97a037\" data-element_type=\"container\" data-e-type=\"container\" data-settings=\"{&quot;background_background&quot;:&quot;classic&quot;}\">\n\t\t\t\t\t<div class=\"e-con-inner\">\n\t\t<div class=\"elementor-element elementor-element-9d97f3c e-con-full e-flex elementor-invisible e-con e-child\" data-id=\"9d97f3c\" data-element_type=\"container\" data-e-type=\"container\" data-settings=\"{&quot;animation&quot;:&quot;slideInUp&quot;,&quot;animation_delay&quot;:300}\">\n\t\t\t\t<div class=\"elementor-element elementor-element-9146656 elementor-widget elementor-widget-heading\" data-id=\"9146656\" data-element_type=\"widget\" data-e-type=\"widget\" data-widget_type=\"heading.default\">\n\t\t\t\t\t<h2 class=\"elementor-heading-title elementor-size-default\">Know-how<\/h2>\t\t\t\t<\/div>\n\t\t\t\t<div class=\"elementor-element elementor-element-e84183c elementor-widget elementor-widget-text-editor\" data-id=\"e84183c\" data-element_type=\"widget\" data-e-type=\"widget\" data-widget_type=\"text-editor.default\">\n\t\t\t\t\t\t\t\t\t<div class=\"rich-text animation-fade delay04 animate-element\"><div class=\"rich-text animation-fade delay04 animate-element\"><p>In un mercato internazionale sempre pi\u00f9 esigente e competitivo, primeggiare \u00e8 difficile.<br \/>\u00c8 ancora pi\u00f9 impegnativo restare per anni ai massimi livelli, fino a venire riconosciuti come partner di riferimento dai clienti pi\u00f9 importanti, nazionali e internazionali.<\/p><p>Nel tempo, hanno scelto le nostre macchine le pi\u00f9 grandi aziende impegnate nel campo delle <a title=\"Bitume\" href=\"https:\/\/massenza.it\/it\/macchine\/bitume\/\"><strong>costruzioni stradali<\/strong><\/a> e delle <a title=\"Calcestruzzo\" href=\"https:\/\/massenza.it\/it\/macchine\/calcestruzzo\/\"><strong>pavimentazioni in calcestruzzo<\/strong><\/a>.<\/p><p>I continui sforzi per migliorare i nostri prodotti, insieme alla collaborazione costante con i maggiori clienti internazionali, hanno permesso di sviluppare e consolidare il nostro know-how e di essere sempre in vantaggio sui nostri concorrenti.<\/p><\/div><\/div>\t\t\t\t\t\t\t\t<\/div>\n\t\t\t\t<\/div>\n\t\t<div class=\"elementor-element elementor-element-6a61782 e-con-full e-flex e-con e-child\" data-id=\"6a61782\" data-element_type=\"container\" data-e-type=\"container\">\n\t\t\t\t<div class=\"elementor-element elementor-element-5d1fddb elementor-invisible elementor-widget elementor-widget-image\" data-id=\"5d1fddb\" data-element_type=\"widget\" data-e-type=\"widget\" data-settings=\"{&quot;_animation&quot;:&quot;zoomIn&quot;,&quot;_animation_delay&quot;:600}\" data-widget_type=\"image.default\">\n\t\t\t\t\t\t\t\t\t\t\t\t\t\t\t<img decoding=\"async\" width=\"700\" height=\"564\" src=\"https:\/\/massenza.it\/wp-content\/uploads\/2025\/09\/know-how.webp\" class=\"attachment-full size-full wp-image-167\" alt=\"\" srcset=\"https:\/\/massenza.it\/wp-content\/uploads\/2025\/09\/know-how.webp 700w, https:\/\/massenza.it\/wp-content\/uploads\/2025\/09\/know-how-300x242.webp 300w\" sizes=\"(max-width: 700px) 100vw, 700px\" \/>\t\t\t\t\t\t\t\t\t\t\t\t\t\t\t<\/div>\n\t\t\t\t<\/div>\n\t\t\t\t\t<\/div>\n\t\t\t\t<\/div>\n\t\t<div class=\"elementor-element elementor-element-297e9dc e-flex e-con-boxed e-con e-parent\" data-id=\"297e9dc\" data-element_type=\"container\" data-e-type=\"container\" data-settings=\"{&quot;background_background&quot;:&quot;classic&quot;}\">\n\t\t\t\t\t<div class=\"e-con-inner\">\n\t\t\t\t<div class=\"elementor-element elementor-element-1068110 elementor-invisible elementor-widget elementor-widget-heading\" data-id=\"1068110\" data-element_type=\"widget\" data-e-type=\"widget\" data-settings=\"{&quot;_animation&quot;:&quot;slideInDown&quot;,&quot;_animation_delay&quot;:300}\" data-widget_type=\"heading.default\">\n\t\t\t\t\t<h2 class=\"elementor-heading-title elementor-size-default\">I nostri clienti\n<\/h2>\t\t\t\t<\/div>\n\t\t\t\t<div class=\"elementor-element elementor-element-9847997 elementor-invisible elementor-widget elementor-widget-text-editor\" data-id=\"9847997\" data-element_type=\"widget\" data-e-type=\"widget\" data-settings=\"{&quot;_animation&quot;:&quot;fadeInUp&quot;,&quot;_animation_delay&quot;:600}\" data-widget_type=\"text-editor.default\">\n\t\t\t\t\t\t\t\t\t<p>Ci hanno dato fiducia molti dei pi\u00f9 importanti protagonisti internazionali impegnati nel \u201cmondo del bitume\u201d, fra cui:<\/p><p>\u00a0<\/p><ul><li>compagnie petrolifere;<\/li><li>rivenditori di prodotti petroliferi;<\/li><li>imprese di costruzioni stradali.<\/li><\/ul><p>\u00a0<\/p><p>Ascoltiamo le esigenze di ogni azienda che ci contatta. Studiamo insieme a loro le soluzioni migliori, per rispondere nel modo pi\u00f9 efficiente possibile alle loro necessit\u00e0.<\/p><p>A seconda del tipo di progetto e delle richieste, offriamo un\u2019ampia gamma di scelte, dalla fornitura di semplici attrezzature alla realizzazione di impianti completi, incluso il pacchetto \u201cchiavi in mano\u201d, comprensivo di ogni elemento &#8211;\u00a0<a style=\"color: #ffffff;\" title=\"Bitume\" href=\"https:\/\/massenza.it\/it\/macchine\/bitume\/\"><strong>impianto<\/strong><\/a>,\u00a0<a style=\"color: #ffffff;\" title=\"Serbatoi di stoccaggio orizzontali\" href=\"https:\/\/massenza.it\/it\/azienda\/\"><strong>serbatoi di stoccaggio<\/strong><\/a>,\u00a0<a style=\"color: #ffffff;\" href=\"https:\/\/massenza.it\/it\/macchine\/bitume\/caldaie-oleotermiche\/\"><strong>caldaia<\/strong><\/a>, tubazioni, pompe, ecc.<\/p><p>\u00a0<\/p><p>La maggior parte degli impianti sono disponibili con pi\u00f9 livelli di automazione e complessit\u00e0, sempre con l\u2019obiettivo di soddisfare le esigenze delle aziende che si rivolgono a noi.<\/p><p>I principali vantaggi infatti sono:<\/p><p>\u00a0<\/p><ul><li>la facilit\u00e0 d\u2019uso;<\/li><li>la semplicit\u00e0 d\u2019installazione;<\/li><li>la rapidit\u00e0 nella messa in moto degli impianti.<\/li><\/ul><p>\u00a0<\/p><p>Queste sono le caratteristiche pi\u00f9 apprezzate dai clienti di tutto il mondo.<\/p><p>Per le\u00a0<strong><a style=\"color: #ffffff;\" href=\"https:\/\/massenza.it\/it\/macchine\/calcestruzzo\/pavimentatrici-per-canali\/\">pavimentatrici per canali<\/a><\/strong>, nel tempo siamo riusciti a fidelizzare le imprese di costruzione che si sono rivolte a noi per la fornitura di una o pi\u00f9 macchine: la lunga esperienza maturata sul campo ci permette di fornire l&#8217;attrezzatura pi\u00f9 idonea per la realizzazione di ogni opera stradale.<\/p>\t\t\t\t\t\t\t\t<\/div>\n\t\t\t\t\t<\/div>\n\t\t\t\t<\/div>\n\t\t<div class=\"elementor-element elementor-element-26b5df6 e-flex e-con-boxed e-con e-parent\" data-id=\"26b5df6\" data-element_type=\"container\" data-e-type=\"container\" data-settings=\"{&quot;background_background&quot;:&quot;classic&quot;}\">\n\t\t\t\t\t<div class=\"e-con-inner\">\n\t\t<div class=\"elementor-element elementor-element-b5a4176 e-con-full e-flex elementor-invisible e-con e-child\" data-id=\"b5a4176\" data-element_type=\"container\" data-e-type=\"container\" data-settings=\"{&quot;animation&quot;:&quot;slideInLeft&quot;,&quot;animation_delay&quot;:300}\">\n\t\t\t\t<div class=\"elementor-element elementor-element-0225612 elementor-widget elementor-widget-heading\" data-id=\"0225612\" data-element_type=\"widget\" data-e-type=\"widget\" data-widget_type=\"heading.default\">\n\t\t\t\t\t<h2 class=\"elementor-heading-title elementor-size-default\">Presenza globale<\/h2>\t\t\t\t<\/div>\n\t\t\t\t<div class=\"elementor-element elementor-element-a74ff02 elementor-widget elementor-widget-text-editor\" data-id=\"a74ff02\" data-element_type=\"widget\" data-e-type=\"widget\" data-widget_type=\"text-editor.default\">\n\t\t\t\t\t\t\t\t\t<div class=\"rich-text animation-fade delay04 animate-element\"><div class=\"rich-text animation-fade delay04 animate-element\"><div class=\"rich-text animation-fade delay04 animate-element\"><p>I nostri clienti possono contare su una rete di agenti estesa in pi\u00f9 di 60 Paesi nel mondo.<br \/>Grazie a questo network, garantiamo una presenza costante sul territorio, sia a livello commerciale sia per l\u2019assistenza post-vendita.<\/p><p>\u00a0<\/p><p>Gestiamo il servizio manutenzione e ricambi in modo veloce ed efficiente, sia in loco &#8211; ove presente &#8211; sia dall\u2019Italia. L\u2019obiettivo \u00e8 duplice: assicurare risposte rapide alle richieste di ogni cliente e ridurre al minimo i tempi di consegna.<\/p><\/div><\/div><\/div>\t\t\t\t\t\t\t\t<\/div>\n\t\t\t\t<\/div>\n\t\t<div class=\"elementor-element elementor-element-1036276 e-con-full e-flex elementor-invisible e-con e-child\" data-id=\"1036276\" data-element_type=\"container\" data-e-type=\"container\" data-settings=\"{&quot;animation&quot;:&quot;zoomInRight&quot;,&quot;animation_delay&quot;:800}\">\n\t\t\t\t<div class=\"elementor-element elementor-element-6f628db elementor-widget elementor-widget-image\" data-id=\"6f628db\" data-element_type=\"widget\" data-e-type=\"widget\" data-widget_type=\"image.default\">\n\t\t\t\t\t\t\t\t\t\t\t\t\t\t\t<img decoding=\"async\" width=\"700\" height=\"564\" src=\"https:\/\/massenza.it\/wp-content\/uploads\/2025\/09\/presenza-globale.webp\" class=\"attachment-full size-full wp-image-168\" alt=\"\" srcset=\"https:\/\/massenza.it\/wp-content\/uploads\/2025\/09\/presenza-globale.webp 700w, https:\/\/massenza.it\/wp-content\/uploads\/2025\/09\/presenza-globale-300x242.webp 300w\" sizes=\"(max-width: 700px) 100vw, 700px\" \/>\t\t\t\t\t\t\t\t\t\t\t\t\t\t\t<\/div>\n\t\t\t\t<\/div>\n\t\t\t\t\t<\/div>\n\t\t\t\t<\/div>\n\t\t\t\t<\/div>\n\t\t","protected":false},"excerpt":{"rendered":"<p>Chi siamo e cosa facciamo Home La nostra storia Siamo nati prima dell\u2019inizio della Seconda Guerra Mondiale. Fin da subito, abbiamo collaborato con le maggiori societ\u00e0 petrolifere dell\u2019epoca &#8211; Esso, Shell e altre &#8211; per la fornitura di serbatoi orizzontali di stoccaggio del bitume accoppiati a caldaia oleotermica &#8211; i cosiddetti \u201cpunti caldi\u201d. Nei decenni [&hellip;]<\/p>\n","protected":false},"author":1,"featured_media":0,"parent":0,"menu_order":0,"comment_status":"closed","ping_status":"closed","template":"","meta":{"_acf_changed":false,"footnotes":""},"class_list":["post-161","page","type-page","status-publish","hentry"],"acf":[],"_links":{"self":[{"href":"https:\/\/massenza.it\/it\/wp-json\/wp\/v2\/pages\/161","targetHints":{"allow":["GET"]}}],"collection":[{"href":"https:\/\/massenza.it\/it\/wp-json\/wp\/v2\/pages"}],"about":[{"href":"https:\/\/massenza.it\/it\/wp-json\/wp\/v2\/types\/page"}],"author":[{"embeddable":true,"href":"https:\/\/massenza.it\/it\/wp-json\/wp\/v2\/users\/1"}],"replies":[{"embeddable":true,"href":"https:\/\/massenza.it\/it\/wp-json\/wp\/v2\/comments?post=161"}],"version-history":[{"count":113,"href":"https:\/\/massenza.it\/it\/wp-json\/wp\/v2\/pages\/161\/revisions"}],"predecessor-version":[{"id":4023,"href":"https:\/\/massenza.it\/it\/wp-json\/wp\/v2\/pages\/161\/revisions\/4023"}],"wp:attachment":[{"href":"https:\/\/massenza.it\/it\/wp-json\/wp\/v2\/media?parent=161"}],"curies":[{"name":"wp","href":"https:\/\/api.w.org\/{rel}","templated":true}]}}